{"id":421,"date":"2024-08-06T13:53:13","date_gmt":"2024-08-06T13:53:13","guid":{"rendered":"https:\/\/stakloterm.pixels2pixels.com\/?page_id=421"},"modified":"2025-09-02T09:01:09","modified_gmt":"2025-09-02T09:01:09","slug":"proizvodi-2","status":"publish","type":"page","link":"https:\/\/stakloterm.com\/index.php\/proizvodi-2\/","title":{"rendered":"Proizvodi"},"content":{"rendered":"\t\t<div data-elementor-type=\"wp-page\" data-elementor-id=\"421\" class=\"elementor elementor-421\" data-elementor-post-type=\"page\">\n\t\t\t\t<div class=\"elementor-element elementor-element-13b2c32 e-flex e-con-boxed e-con e-parent\" data-id=\"13b2c32\" data-element_type=\"container\" data-settings=\"{&quot;background_background&quot;:&quot;video&quot;,&quot;background_video_link&quot;:&quot;https:\\\/\\\/stakloterm.com\\\/wp-content\\\/uploads\\\/2024\\\/09\\\/profili.mp4&quot;,&quot;background_video_start&quot;:0,&quot;background_play_on_mobile&quot;:&quot;yes&quot;}\">\n\t\t\t\t\t<div class=\"e-con-inner\">\n\t\t<div class=\"elementor-background-video-container\">\n\t\t\t\t\t\t\t<video class=\"elementor-background-video-hosted elementor-html5-video\" autoplay muted playsinline loop><\/video>\n\t\t\t\t\t<\/div>\t\t<div class=\"elementor-element elementor-element-9b5d853 elementor-widget elementor-widget-heading\" data-id=\"9b5d853\" data-element_type=\"widget\" data-widget_type=\"heading.default\">\n\t\t\t\t<div class=\"elementor-widget-container\">\n\t\t\t<h2 class=\"elementor-heading-title elementor-size-default\">POGLEDAJTE NA\u0160 ASORTIMAN<\/h2>\t\t<\/div>\n\t\t\t\t<\/div>\n\t\t\t\t<div class=\"elementor-element elementor-element-356ad37 elementor-widget elementor-widget-heading\" data-id=\"356ad37\" data-element_type=\"widget\" data-widget_type=\"heading.default\">\n\t\t\t\t<div class=\"elementor-widget-container\">\n\t\t\t<h2 class=\"elementor-heading-title elementor-size-default\">PROIZVODI<\/h2>\t\t<\/div>\n\t\t\t\t<\/div>\n\t\t\t\t\t<\/div>\n\t\t\t\t<\/div>\n\t\t<div class=\"elementor-element elementor-element-f1d4ed3 e-grid e-con-full e-con e-parent\" data-id=\"f1d4ed3\" data-element_type=\"container\">\n\t\t<div class=\"elementor-element elementor-element-a80e558 e-con-full e-flex e-con e-child\" data-id=\"a80e558\" data-element_type=\"container\" id=\"pvcproizvodiblock\" data-settings=\"{&quot;background_background&quot;:&quot;classic&quot;}\">\n\t\t<div class=\"elementor-element elementor-element-fa20e94 e-con-full e-flex e-con e-child\" data-id=\"fa20e94\" data-element_type=\"container\" data-settings=\"{&quot;position&quot;:&quot;absolute&quot;}\">\n\t\t<div class=\"elementor-element elementor-element-61e672e e-con-full e-flex e-con e-child\" data-id=\"61e672e\" data-element_type=\"container\">\n\t\t\t\t<div class=\"elementor-element elementor-element-d6dbe5a elementor-widget elementor-widget-heading\" data-id=\"d6dbe5a\" data-element_type=\"widget\" data-widget_type=\"heading.default\">\n\t\t\t\t<div class=\"elementor-widget-container\">\n\t\t\t<h2 class=\"elementor-heading-title elementor-size-default\">PVC Stolarija<\/h2>\t\t<\/div>\n\t\t\t\t<\/div>\n\t\t\t\t<div class=\"elementor-element elementor-element-f4efb69 elementor-widget elementor-widget-heading\" data-id=\"f4efb69\" data-element_type=\"widget\" data-widget_type=\"heading.default\">\n\t\t\t\t<div class=\"elementor-widget-container\">\n\t\t\t<h2 class=\"elementor-heading-title elementor-size-default\"><a href=\"https:\/\/stakloterm.com\/index.php\/pvc-stolarija\/\">Savremena re\u0161enja za udoban dom <\/a><\/h2>\t\t<\/div>\n\t\t\t\t<\/div>\n\t\t\t\t<\/div>\n\t\t\t\t<\/div>\n\t\t\t\t<\/div>\n\t\t<div class=\"elementor-element elementor-element-38f14d2 e-con-full e-flex e-con e-child\" data-id=\"38f14d2\" data-element_type=\"container\" id=\"aluproizvodiblock\" data-settings=\"{&quot;background_background&quot;:&quot;classic&quot;}\">\n\t\t<div class=\"elementor-element elementor-element-54008fe e-con-full e-flex e-con e-child\" data-id=\"54008fe\" data-element_type=\"container\" data-settings=\"{&quot;position&quot;:&quot;absolute&quot;,&quot;background_background&quot;:&quot;classic&quot;}\">\n\t\t<div class=\"elementor-element elementor-element-015a72d e-con-full e-flex e-con e-child\" data-id=\"015a72d\" data-element_type=\"container\">\n\t\t\t\t<div class=\"elementor-element elementor-element-19156a9 elementor-widget elementor-widget-heading\" data-id=\"19156a9\" data-element_type=\"widget\" data-widget_type=\"heading.default\">\n\t\t\t\t<div class=\"elementor-widget-container\">\n\t\t\t<h2 class=\"elementor-heading-title elementor-size-default\">Aluminijumska stolarija<\/h2>\t\t<\/div>\n\t\t\t\t<\/div>\n\t\t\t\t<div class=\"elementor-element elementor-element-7a029ac elementor-widget elementor-widget-heading\" data-id=\"7a029ac\" data-element_type=\"widget\" data-widget_type=\"heading.default\">\n\t\t\t\t<div class=\"elementor-widget-container\">\n\t\t\t<h2 class=\"elementor-heading-title elementor-size-default\"><a href=\"https:\/\/stakloterm.com\/index.php\/aluminijumska-stolarija\/\">Elegancija i trajnost za va\u0161 dom <\/a><\/h2>\t\t<\/div>\n\t\t\t\t<\/div>\n\t\t\t\t<\/div>\n\t\t\t\t<\/div>\n\t\t\t\t<\/div>\n\t\t<div class=\"elementor-element elementor-element-0da9e14 e-con-full e-flex e-con e-child\" data-id=\"0da9e14\" data-element_type=\"container\" id=\"paneliproizvodiblock\" data-settings=\"{&quot;background_background&quot;:&quot;classic&quot;}\">\n\t\t<div class=\"elementor-element elementor-element-d64bb61 e-con-full e-flex e-con e-child\" data-id=\"d64bb61\" data-element_type=\"container\" data-settings=\"{&quot;position&quot;:&quot;absolute&quot;}\">\n\t\t<div class=\"elementor-element elementor-element-ebdbbc6 e-con-full e-flex e-con e-child\" data-id=\"ebdbbc6\" data-element_type=\"container\">\n\t\t\t\t<div class=\"elementor-element elementor-element-1af76e4 elementor-widget elementor-widget-heading\" data-id=\"1af76e4\" data-element_type=\"widget\" data-widget_type=\"heading.default\">\n\t\t\t\t<div class=\"elementor-widget-container\">\n\t\t\t<h2 class=\"elementor-heading-title elementor-size-default\">Dekorativni paneli<\/h2>\t\t<\/div>\n\t\t\t\t<\/div>\n\t\t\t\t<div class=\"elementor-element elementor-element-9f8094d elementor-widget elementor-widget-heading\" data-id=\"9f8094d\" data-element_type=\"widget\" data-widget_type=\"heading.default\">\n\t\t\t\t<div class=\"elementor-widget-container\">\n\t\t\t<h2 class=\"elementor-heading-title elementor-size-default\"><a href=\"https:\/\/stakloterm.com\/index.php\/dekorativni-paneli\/\">Dizajnirajte prostor po svojoj meri uz na\u0161e dekorativne panele <\/a><\/h2>\t\t<\/div>\n\t\t\t\t<\/div>\n\t\t\t\t<\/div>\n\t\t\t\t<\/div>\n\t\t\t\t<\/div>\n\t\t<div class=\"elementor-element elementor-element-c311615 e-con-full e-flex e-con e-child\" data-id=\"c311615\" data-element_type=\"container\" id=\"stakloproizvodiblock\" data-settings=\"{&quot;background_background&quot;:&quot;classic&quot;}\">\n\t\t<div class=\"elementor-element elementor-element-5a99efc e-con-full e-flex e-con e-child\" data-id=\"5a99efc\" data-element_type=\"container\" data-settings=\"{&quot;position&quot;:&quot;absolute&quot;,&quot;background_background&quot;:&quot;classic&quot;}\">\n\t\t<div class=\"elementor-element elementor-element-cff832a e-con-full e-flex e-con e-child\" data-id=\"cff832a\" data-element_type=\"container\">\n\t\t\t\t<div class=\"elementor-element elementor-element-f2055ec elementor-widget elementor-widget-heading\" data-id=\"f2055ec\" data-element_type=\"widget\" data-widget_type=\"heading.default\">\n\t\t\t\t<div class=\"elementor-widget-container\">\n\t\t\t<h2 class=\"elementor-heading-title elementor-size-default\">Staklo<\/h2>\t\t<\/div>\n\t\t\t\t<\/div>\n\t\t\t\t<div class=\"elementor-element elementor-element-615148b elementor-widget elementor-widget-heading\" data-id=\"615148b\" data-element_type=\"widget\" data-widget_type=\"heading.default\">\n\t\t\t\t<div class=\"elementor-widget-container\">\n\t\t\t<h2 class=\"elementor-heading-title elementor-size-default\"><a href=\"https:\/\/stakloterm.com\/index.php\/staklo\/\">Transparentna elegancija <\/a><\/h2>\t\t<\/div>\n\t\t\t\t<\/div>\n\t\t\t\t<\/div>\n\t\t\t\t<\/div>\n\t\t\t\t<\/div>\n\t\t<div class=\"elementor-element elementor-element-bc0aeca e-con-full e-flex e-con e-child\" data-id=\"bc0aeca\" data-element_type=\"container\" id=\"zaluzineproizvodiblock\" data-settings=\"{&quot;background_background&quot;:&quot;classic&quot;}\">\n\t\t<div class=\"elementor-element elementor-element-58a067a e-con-full e-flex e-con e-child\" data-id=\"58a067a\" data-element_type=\"container\" data-settings=\"{&quot;position&quot;:&quot;absolute&quot;}\">\n\t\t<div class=\"elementor-element elementor-element-d627606 e-con-full e-flex e-con e-child\" data-id=\"d627606\" data-element_type=\"container\">\n\t\t\t\t<div class=\"elementor-element elementor-element-434d319 elementor-widget elementor-widget-heading\" data-id=\"434d319\" data-element_type=\"widget\" data-widget_type=\"heading.default\">\n\t\t\t\t<div class=\"elementor-widget-container\">\n\t\t\t<h2 class=\"elementor-heading-title elementor-size-default\">\u017daluzine<\/h2>\t\t<\/div>\n\t\t\t\t<\/div>\n\t\t\t\t<div class=\"elementor-element elementor-element-4cf683b elementor-widget elementor-widget-heading\" data-id=\"4cf683b\" data-element_type=\"widget\" data-widget_type=\"heading.default\">\n\t\t\t\t<div class=\"elementor-widget-container\">\n\t\t\t<h2 class=\"elementor-heading-title elementor-size-default\"><a href=\"https:\/\/stakloterm.com\/index.php\/zaluzine\/\">Kontrola svetlosti i privatnosti uz sofisticiran dizajn <\/a><\/h2>\t\t<\/div>\n\t\t\t\t<\/div>\n\t\t\t\t<\/div>\n\t\t\t\t<\/div>\n\t\t\t\t<\/div>\n\t\t<div class=\"elementor-element elementor-element-df7966f e-con-full e-flex e-con e-child\" data-id=\"df7966f\" data-element_type=\"container\" id=\"opremaproizvodiblock\" data-settings=\"{&quot;background_background&quot;:&quot;classic&quot;}\">\n\t\t<div class=\"elementor-element elementor-element-da7e49d e-con-full e-flex e-con e-child\" data-id=\"da7e49d\" data-element_type=\"container\" data-settings=\"{&quot;position&quot;:&quot;absolute&quot;}\">\n\t\t<div class=\"elementor-element elementor-element-8023c10 e-con-full e-flex e-con e-child\" data-id=\"8023c10\" data-element_type=\"container\">\n\t\t\t\t<div class=\"elementor-element elementor-element-8ba947a elementor-widget elementor-widget-heading\" data-id=\"8ba947a\" data-element_type=\"widget\" data-widget_type=\"heading.default\">\n\t\t\t\t<div class=\"elementor-widget-container\">\n\t\t\t<h2 class=\"elementor-heading-title elementor-size-default\">Prate\u0107a oprema<\/h2>\t\t<\/div>\n\t\t\t\t<\/div>\n\t\t\t\t<div class=\"elementor-element elementor-element-6642f6d elementor-widget elementor-widget-heading\" data-id=\"6642f6d\" data-element_type=\"widget\" data-widget_type=\"heading.default\">\n\t\t\t\t<div class=\"elementor-widget-container\">\n\t\t\t<h2 class=\"elementor-heading-title elementor-size-default\"><a href=\"https:\/\/stakloterm.com\/index.php\/prateca-oprema\/\">Sve \u0161to vam je potrebno za potpunu i funkcionalnu instalaciju<\/a><\/h2>\t\t<\/div>\n\t\t\t\t<\/div>\n\t\t\t\t<\/div>\n\t\t\t\t<\/div>\n\t\t\t\t<\/div>\n\t\t\t\t<\/div>\n\t\t<div class=\"elementor-element elementor-element-6a28401 e-con-full e-flex e-con e-parent\" data-id=\"6a28401\" data-element_type=\"container\" data-settings=\"{&quot;background_background&quot;:&quot;classic&quot;}\">\n\t\t\t\t<div class=\"elementor-element elementor-element-05d574f elementor-widget elementor-widget-heading\" data-id=\"05d574f\" data-element_type=\"widget\" data-widget_type=\"heading.default\">\n\t\t\t\t<div class=\"elementor-widget-container\">\n\t\t\t<h2 class=\"elementor-heading-title elementor-size-default\">Partneri<\/h2>\t\t<\/div>\n\t\t\t\t<\/div>\n\t\t\t\t<div class=\"elementor-element elementor-element-7ed70a2 elementor-widget-divider--view-line elementor-widget elementor-widget-divider\" data-id=\"7ed70a2\" data-element_type=\"widget\" data-widget_type=\"divider.default\">\n\t\t\t\t<div class=\"elementor-widget-container\">\n\t\t\t\t\t<div class=\"elementor-divider\">\n\t\t\t<span class=\"elementor-divider-separator\">\n\t\t\t\t\t\t<\/span>\n\t\t<\/div>\n\t\t\t\t<\/div>\n\t\t\t\t<\/div>\n\t\t\t\t<div class=\"elementor-element elementor-element-44b8d47 elementor-pagination-type-bullets elementor-arrows-position-inside elementor-pagination-position-outside elementor-widget elementor-widget-n-carousel\" data-id=\"44b8d47\" data-element_type=\"widget\" data-settings=\"{&quot;carousel_items&quot;:[{&quot;slide_title&quot;:&quot;Slide #1&quot;,&quot;_id&quot;:&quot;7b874bb&quot;},{&quot;slide_title&quot;:&quot;Slide #2&quot;,&quot;_id&quot;:&quot;86cb1af&quot;},{&quot;slide_title&quot;:&quot;Slide #3&quot;,&quot;_id&quot;:&quot;0d64f3e&quot;},{&quot;_id&quot;:&quot;2cf7d9f&quot;,&quot;slide_title&quot;:&quot;Slide #4&quot;}],&quot;slides_to_show&quot;:&quot;4&quot;,&quot;image_spacing_custom&quot;:{&quot;unit&quot;:&quot;px&quot;,&quot;size&quot;:35,&quot;sizes&quot;:[]},&quot;slides_to_show_tablet&quot;:&quot;2&quot;,&quot;slides_to_show_mobile&quot;:&quot;1&quot;,&quot;autoplay&quot;:&quot;yes&quot;,&quot;autoplay_speed&quot;:5000,&quot;pause_on_hover&quot;:&quot;yes&quot;,&quot;pause_on_interaction&quot;:&quot;yes&quot;,&quot;infinite&quot;:&quot;yes&quot;,&quot;speed&quot;:500,&quot;offset_sides&quot;:&quot;none&quot;,&quot;arrows&quot;:&quot;yes&quot;,&quot;pagination&quot;:&quot;bullets&quot;,&quot;image_spacing_custom_tablet&quot;:{&quot;unit&quot;:&quot;px&quot;,&quot;size&quot;:&quot;&quot;,&quot;sizes&quot;:[]},&quot;image_spacing_custom_mobile&quot;:{&quot;unit&quot;:&quot;px&quot;,&quot;size&quot;:&quot;&quot;,&quot;sizes&quot;:[]}}\" data-widget_type=\"nested-carousel.default\">\n\t\t\t\t<div class=\"elementor-widget-container\">\n\t\t\t\t\t<div class=\"e-n-carousel swiper\" dir=\"ltr\">\n\t\t\t<div class=\"swiper-wrapper\" aria-live=\"off\">\n\t\t\t\t\t\t\t\t\t\t<div class=\"swiper-slide\" data-slide=\"1\" role=\"group\" aria-roledescription=\"slide\" aria-label=\"1 of 4\">\n\t\t\t\t\t\t\t<div class=\"elementor-element elementor-element-be21990 e-flex e-con-boxed e-con e-child\" data-id=\"be21990\" data-element_type=\"container\">\n\t\t\t\t\t<div class=\"e-con-inner\">\n\t\t<div class=\"elementor-element elementor-element-58360b4 e-con-full e-flex e-con e-child\" data-id=\"58360b4\" data-element_type=\"container\">\n\t\t\t\t<div class=\"elementor-element elementor-element-6cca151 elementor-widget-mobile__width-inherit elementor-widget__width-inherit elementor-widget elementor-widget-image\" data-id=\"6cca151\" data-element_type=\"widget\" data-widget_type=\"image.default\">\n\t\t\t\t<div class=\"elementor-widget-container\">\n\t\t\t\t\t\t\t\t\t\t\t\t\t<img fetchpriority=\"high\" decoding=\"async\" width=\"800\" height=\"176\" src=\"https:\/\/stakloterm.com\/wp-content\/uploads\/2024\/10\/NiMACO_logo-1.png\" class=\"attachment-large size-large wp-image-2170\" alt=\"nimaco logo\" srcset=\"https:\/\/stakloterm.com\/wp-content\/uploads\/2024\/10\/NiMACO_logo-1.png 823w, https:\/\/stakloterm.com\/wp-content\/uploads\/2024\/10\/NiMACO_logo-1-300x66.png 300w, https:\/\/stakloterm.com\/wp-content\/uploads\/2024\/10\/NiMACO_logo-1-768x169.png 768w, https:\/\/stakloterm.com\/wp-content\/uploads\/2024\/10\/NiMACO_logo-1-600x132.png 600w\" sizes=\"(max-width: 800px) 100vw, 800px\" \/>\t\t\t\t\t\t\t\t\t\t\t\t\t<\/div>\n\t\t\t\t<\/div>\n\t\t\t\t<\/div>\n\t\t\t\t\t<\/div>\n\t\t\t\t<\/div>\n\t\t\t\t\t\t\t\t<\/div>\n\t\t\t\t\t\t\t\t\t\t\t<div class=\"swiper-slide\" data-slide=\"2\" role=\"group\" aria-roledescription=\"slide\" aria-label=\"2 of 4\">\n\t\t\t\t\t\t\t<div class=\"elementor-element elementor-element-4ffcc4f e-flex e-con-boxed e-con e-child\" data-id=\"4ffcc4f\" data-element_type=\"container\">\n\t\t\t\t\t<div class=\"e-con-inner\">\n\t\t<div class=\"elementor-element elementor-element-7e41b6b e-con-full e-flex e-con e-child\" data-id=\"7e41b6b\" data-element_type=\"container\">\n\t\t\t\t<div class=\"elementor-element elementor-element-acb1c93 elementor-widget-mobile__width-inherit elementor-widget__width-inherit elementor-widget elementor-widget-image\" data-id=\"acb1c93\" data-element_type=\"widget\" data-widget_type=\"image.default\">\n\t\t\t\t<div class=\"elementor-widget-container\">\n\t\t\t\t\t\t\t\t\t\t\t\t\t<img decoding=\"async\" width=\"737\" height=\"201\" src=\"https:\/\/stakloterm.com\/wp-content\/uploads\/2024\/10\/Somfy_logo.svg-1-1.png\" class=\"attachment-large size-large wp-image-2171\" alt=\"somfy logo\" srcset=\"https:\/\/stakloterm.com\/wp-content\/uploads\/2024\/10\/Somfy_logo.svg-1-1.png 737w, https:\/\/stakloterm.com\/wp-content\/uploads\/2024\/10\/Somfy_logo.svg-1-1-300x82.png 300w, https:\/\/stakloterm.com\/wp-content\/uploads\/2024\/10\/Somfy_logo.svg-1-1-600x164.png 600w\" sizes=\"(max-width: 737px) 100vw, 737px\" \/>\t\t\t\t\t\t\t\t\t\t\t\t\t<\/div>\n\t\t\t\t<\/div>\n\t\t\t\t<\/div>\n\t\t\t\t\t<\/div>\n\t\t\t\t<\/div>\n\t\t\t\t\t\t\t\t<\/div>\n\t\t\t\t\t\t\t\t\t\t\t<div class=\"swiper-slide\" data-slide=\"3\" role=\"group\" aria-roledescription=\"slide\" aria-label=\"3 of 4\">\n\t\t\t\t\t\t\t<div class=\"elementor-element elementor-element-e1a38e6 e-flex e-con-boxed e-con e-child\" data-id=\"e1a38e6\" data-element_type=\"container\">\n\t\t\t\t\t<div class=\"e-con-inner\">\n\t\t<div class=\"elementor-element elementor-element-6015105 e-con-full e-flex e-con e-child\" data-id=\"6015105\" data-element_type=\"container\">\n\t\t\t\t<div class=\"elementor-element elementor-element-82c56a0 elementor-widget-mobile__width-inherit elementor-widget__width-inherit elementor-widget elementor-widget-image\" data-id=\"82c56a0\" data-element_type=\"widget\" data-widget_type=\"image.default\">\n\t\t\t\t<div class=\"elementor-widget-container\">\n\t\t\t\t\t\t\t\t\t\t\t\t\t<img decoding=\"async\" width=\"620\" height=\"201\" src=\"https:\/\/stakloterm.com\/wp-content\/uploads\/2024\/10\/GEALAN-Logo-RGB-1-1.png\" class=\"attachment-large size-large wp-image-2172\" alt=\"gealan logo\" srcset=\"https:\/\/stakloterm.com\/wp-content\/uploads\/2024\/10\/GEALAN-Logo-RGB-1-1.png 620w, https:\/\/stakloterm.com\/wp-content\/uploads\/2024\/10\/GEALAN-Logo-RGB-1-1-300x97.png 300w, https:\/\/stakloterm.com\/wp-content\/uploads\/2024\/10\/GEALAN-Logo-RGB-1-1-600x195.png 600w\" sizes=\"(max-width: 620px) 100vw, 620px\" \/>\t\t\t\t\t\t\t\t\t\t\t\t\t<\/div>\n\t\t\t\t<\/div>\n\t\t\t\t<\/div>\n\t\t\t\t\t<\/div>\n\t\t\t\t<\/div>\n\t\t\t\t\t\t\t\t<\/div>\n\t\t\t\t\t\t\t\t\t\t\t<div class=\"swiper-slide\" data-slide=\"4\" role=\"group\" aria-roledescription=\"slide\" aria-label=\"4 of 4\">\n\t\t\t\t\t\t\t<div class=\"elementor-element elementor-element-e45da60 e-flex e-con-boxed e-con e-child\" data-id=\"e45da60\" data-element_type=\"container\">\n\t\t\t\t\t<div class=\"e-con-inner\">\n\t\t<div class=\"elementor-element elementor-element-9baecdf e-con-full e-flex e-con e-child\" data-id=\"9baecdf\" data-element_type=\"container\">\n\t\t\t\t<div class=\"elementor-element elementor-element-7c42980 elementor-widget-mobile__width-inherit elementor-widget__width-inherit elementor-widget elementor-widget-image\" data-id=\"7c42980\" data-element_type=\"widget\" data-widget_type=\"image.default\">\n\t\t\t\t<div class=\"elementor-widget-container\">\n\t\t\t\t\t\t\t\t\t\t\t\t\t<img loading=\"lazy\" decoding=\"async\" width=\"686\" height=\"201\" src=\"https:\/\/stakloterm.com\/wp-content\/uploads\/2024\/10\/stublina-logo-1-1.png\" class=\"attachment-large size-large wp-image-2173\" alt=\"stublina logo\" srcset=\"https:\/\/stakloterm.com\/wp-content\/uploads\/2024\/10\/stublina-logo-1-1.png 686w, https:\/\/stakloterm.com\/wp-content\/uploads\/2024\/10\/stublina-logo-1-1-300x88.png 300w, https:\/\/stakloterm.com\/wp-content\/uploads\/2024\/10\/stublina-logo-1-1-600x176.png 600w\" sizes=\"(max-width: 686px) 100vw, 686px\" \/>\t\t\t\t\t\t\t\t\t\t\t\t\t<\/div>\n\t\t\t\t<\/div>\n\t\t\t\t<\/div>\n\t\t\t\t\t<\/div>\n\t\t\t\t<\/div>\n\t\t\t\t\t\t\t\t<\/div>\n\t\t\t\t\t\t\t\t<\/div>\n\t\t<\/div>\n\t\t\t\t\t<div class=\"elementor-swiper-button elementor-swiper-button-prev\" role=\"button\" tabindex=\"0\">\n\t\t\t\t<svg aria-hidden=\"true\" class=\"e-font-icon-svg e-eicon-chevron-left\" viewBox=\"0 0 1000 1000\" xmlns=\"http:\/\/www.w3.org\/2000\/svg\"><path d=\"M646 125C629 125 613 133 604 142L308 442C296 454 292 471 292 487 292 504 296 521 308 533L604 854C617 867 629 875 646 875 663 875 679 871 692 858 704 846 713 829 713 812 713 796 708 779 692 767L438 487 692 225C700 217 708 204 708 187 708 171 704 154 692 142 675 129 663 125 646 125Z\"><\/path><\/svg>\t\t\t<\/div>\n\t\t\t<div class=\"elementor-swiper-button elementor-swiper-button-next\" role=\"button\" tabindex=\"0\">\n\t\t\t\t<svg aria-hidden=\"true\" class=\"e-font-icon-svg e-eicon-chevron-right\" viewBox=\"0 0 1000 1000\" xmlns=\"http:\/\/www.w3.org\/2000\/svg\"><path d=\"M696 533C708 521 713 504 713 487 713 471 708 454 696 446L400 146C388 133 375 125 354 125 338 125 325 129 313 142 300 154 292 171 292 187 292 204 296 221 308 233L563 492 304 771C292 783 288 800 288 817 288 833 296 850 308 863 321 871 338 875 354 875 371 875 388 867 400 854L696 533Z\"><\/path><\/svg>\t\t\t<\/div>\n\t\t\t\t\t<div class=\"swiper-pagination\"><\/div>\n\t\t\t\t<\/div>\n\t\t\t\t<\/div>\n\t\t\t\t<\/div>\n\t\t<div class=\"elementor-element elementor-element-b12e3b9 e-flex e-con-boxed e-con e-parent\" data-id=\"b12e3b9\" data-element_type=\"container\" data-settings=\"{&quot;background_background&quot;:&quot;classic&quot;}\">\n\t\t\t\t\t<div class=\"e-con-inner\">\n\t\t<div class=\"elementor-element elementor-element-90d2d8a e-con-full e-flex e-con e-child\" data-id=\"90d2d8a\" data-element_type=\"container\">\n\t\t<div class=\"elementor-element elementor-element-00a921a e-con-full e-flex e-con e-child\" data-id=\"00a921a\" data-element_type=\"container\">\n\t\t\t\t<div class=\"elementor-element elementor-element-1c65e2e elementor-widget elementor-widget-heading\" data-id=\"1c65e2e\" data-element_type=\"widget\" data-widget_type=\"heading.default\">\n\t\t\t\t<div class=\"elementor-widget-container\">\n\t\t\t<h2 class=\"elementor-heading-title elementor-size-default\">Zainteresovani ste za na\u0161e proizvode ili imate pitanja?<\/h2>\t\t<\/div>\n\t\t\t\t<\/div>\n\t\t\t\t<div class=\"elementor-element elementor-element-3baa312 elementor-widget elementor-widget-heading\" data-id=\"3baa312\" data-element_type=\"widget\" data-widget_type=\"heading.default\">\n\t\t\t\t<div class=\"elementor-widget-container\">\n\t\t\t<h2 class=\"elementor-heading-title elementor-size-default\">Ne ustru\u010davajte se da nas kontaktirate - tu smo da vam pru\u017eimo sve informacije koje su vam potrebne!<\/h2>\t\t<\/div>\n\t\t\t\t<\/div>\n\t\t\t\t<\/div>\n\t\t\t\t<div class=\"elementor-element elementor-element-066b0d2 elementor-widget elementor-widget-button\" data-id=\"066b0d2\" data-element_type=\"widget\" data-widget_type=\"button.default\">\n\t\t\t\t<div class=\"elementor-widget-container\">\n\t\t\t\t\t\t\t<div class=\"elementor-button-wrapper\">\n\t\t\t\t\t<a class=\"elementor-button elementor-button-link elementor-size-sm\" href=\"https:\/\/stakloterm.com\/index.php\/kontakt\/\">\n\t\t\t\t\t\t<span class=\"elementor-button-content-wrapper\">\n\t\t\t\t\t\t\t\t\t<span class=\"elementor-button-text\">Kontaktirajte nas<\/span>\n\t\t\t\t\t<\/span>\n\t\t\t\t\t<\/a>\n\t\t\t\t<\/div>\n\t\t\t\t\t\t<\/div>\n\t\t\t\t<\/div>\n\t\t\t\t<\/div>\n\t\t\t\t\t<\/div>\n\t\t\t\t<\/div>\n\t\t\t\t<\/div>\n\t\t","protected":false},"excerpt":{"rendered":"<p>POGLEDAJTE NA\u0160 ASORTIMAN PROIZVODI PVC Stolarija Savremena re\u0161enja za udoban dom Aluminijumska stolarija Elegancija i trajnost za va\u0161 dom Dekorativni paneli Dizajnirajte prostor po svojoj meri uz na\u0161e dekorativne panele Staklo Transparentna elegancija \u017daluzine Kontrola svetlosti i privatnosti uz sofisticiran dizajn Prate\u0107a oprema Sve \u0161to vam je potrebno za potpunu i funkcionalnu instalaciju Partneri Zainteresovani [&hellip;]<\/p>\n","protected":false},"author":1,"featured_media":0,"parent":0,"menu_order":0,"comment_status":"closed","ping_status":"closed","template":"","meta":{"footnotes":""},"class_list":["post-421","page","type-page","status-publish","hentry"],"_links":{"self":[{"href":"https:\/\/stakloterm.com\/index.php\/wp-json\/wp\/v2\/pages\/421","targetHints":{"allow":["GET"]}}],"collection":[{"href":"https:\/\/stakloterm.com\/index.php\/wp-json\/wp\/v2\/pages"}],"about":[{"href":"https:\/\/stakloterm.com\/index.php\/wp-json\/wp\/v2\/types\/page"}],"author":[{"embeddable":true,"href":"https:\/\/stakloterm.com\/index.php\/wp-json\/wp\/v2\/users\/1"}],"replies":[{"embeddable":true,"href":"https:\/\/stakloterm.com\/index.php\/wp-json\/wp\/v2\/comments?post=421"}],"version-history":[{"count":91,"href":"https:\/\/stakloterm.com\/index.php\/wp-json\/wp\/v2\/pages\/421\/revisions"}],"predecessor-version":[{"id":2604,"href":"https:\/\/stakloterm.com\/index.php\/wp-json\/wp\/v2\/pages\/421\/revisions\/2604"}],"wp:attachment":[{"href":"https:\/\/stakloterm.com\/index.php\/wp-json\/wp\/v2\/media?parent=421"}],"curies":[{"name":"wp","href":"https:\/\/api.w.org\/{rel}","templated":true}]}}