{"id":24,"date":"2024-07-25T09:01:32","date_gmt":"2024-07-25T09:01:32","guid":{"rendered":"https:\/\/stakloterm.pixels2pixels.com\/?page_id=24"},"modified":"2025-09-02T08:56:14","modified_gmt":"2025-09-02T08:56:14","slug":"o-nama","status":"publish","type":"page","link":"https:\/\/stakloterm.com\/index.php\/o-nama\/","title":{"rendered":"O nama"},"content":{"rendered":"\t\t<div data-elementor-type=\"wp-page\" data-elementor-id=\"24\" class=\"elementor elementor-24\" data-elementor-post-type=\"page\">\n\t\t\t\t<div class=\"elementor-element elementor-element-3e12d5c e-flex e-con-boxed e-con e-parent\" data-id=\"3e12d5c\" data-element_type=\"container\" data-settings=\"{&quot;background_background&quot;:&quot;classic&quot;}\">\n\t\t\t\t\t<div class=\"e-con-inner\">\n\t\t\t\t<div class=\"elementor-element elementor-element-f4d7f10 elementor-widget elementor-widget-heading\" data-id=\"f4d7f10\" data-element_type=\"widget\" data-widget_type=\"heading.default\">\n\t\t\t\t<div class=\"elementor-widget-container\">\n\t\t\t<h2 class=\"elementor-heading-title elementor-size-default\">Upoznajte<\/h2>\t\t<\/div>\n\t\t\t\t<\/div>\n\t\t\t\t<div class=\"elementor-element elementor-element-e10e2da elementor-widget elementor-widget-heading\" data-id=\"e10e2da\" data-element_type=\"widget\" data-widget_type=\"heading.default\">\n\t\t\t\t<div class=\"elementor-widget-container\">\n\t\t\t<h2 class=\"elementor-heading-title elementor-size-default\">STAKLOTERM<\/h2>\t\t<\/div>\n\t\t\t\t<\/div>\n\t\t\t\t\t<\/div>\n\t\t\t\t<\/div>\n\t\t<div class=\"elementor-element elementor-element-abe2783 e-flex e-con-boxed e-con e-parent\" data-id=\"abe2783\" data-element_type=\"container\">\n\t\t\t\t\t<div class=\"e-con-inner\">\n\t\t\t\t<div class=\"elementor-element elementor-element-a8ef917 elementor-widget elementor-widget-heading\" data-id=\"a8ef917\" data-element_type=\"widget\" data-widget_type=\"heading.default\">\n\t\t\t\t<div class=\"elementor-widget-container\">\n\t\t\t<h2 class=\"elementor-heading-title elementor-size-default\">Istorijat<\/h2>\t\t<\/div>\n\t\t\t\t<\/div>\n\t\t\t\t<div class=\"elementor-element elementor-element-7bf35ff elementor-widget elementor-widget-text-editor\" data-id=\"7bf35ff\" data-element_type=\"widget\" data-widget_type=\"text-editor.default\">\n\t\t\t\t<div class=\"elementor-widget-container\">\n\t\t\t\t\t\t\t<p>Kompanija Stakloterm osnovana je 1992. godine kao mala porodi\u010dna radionica. Od skromnih po\u010detaka osniva\u010d kompanije Marinkovi\u0107 Radovan svojim znanjem i ljubavlju prema ovom zanatu napravio je danas po\u0161tovanu i uglednu firmu. Na korenima njegovog uspe\u0161nog poslovanja do postizanja statusa respektabilne kompanije, na\u0161 put je bio pun izazova, ali i neprocenjivih trenutaka uspeha. Sa preko 30 godina iskustva i tradicije na tr\u017ei\u0161tu, mi garantujemo rukotvorstvo i kvalitet. \u2028<\/p><p>U Staklotermu, na\u0161a posve\u0107enost izradi vrhunskih prozora, vrata i staklenih re\u0161enja se\u017ee duboko u sr\u017e na\u0161eg poslovanja. Svaki komad koji napusti na\u0161e radionice nosi pe\u010dat pa\u017eljive izrade i izuzetne pa\u017enje prema detaljima. Na\u0161i majstori, sa godinama iskustva, pa\u017eljivo biraju najkvalitetnije materijale kako bi osigurali da svaki proizvod koji nudimo bude izdr\u017eljiv, funkcionalan i estetski privla\u010dan. Bez obzira da li je u pitanju klasi\u010dan prozor ili savremena staklena fasada, mo\u017eete biti sigurni da \u0107e na\u0161i proizvodi izdr\u017eati test vremena i unaprediti lepotu va\u0161eg doma.<\/p>\t\t\t\t\t\t<\/div>\n\t\t\t\t<\/div>\n\t\t\t\t\t<\/div>\n\t\t\t\t<\/div>\n\t\t<div class=\"elementor-element elementor-element-07edeac elementor-hidden-tablet elementor-hidden-mobile e-flex e-con-boxed e-con e-parent\" data-id=\"07edeac\" data-element_type=\"container\" data-settings=\"{&quot;background_background&quot;:&quot;classic&quot;}\">\n\t\t\t\t\t<div class=\"e-con-inner\">\n\t\t<div class=\"elementor-element elementor-element-75bae68 e-flex e-con-boxed e-con e-child\" data-id=\"75bae68\" data-element_type=\"container\">\n\t\t\t\t\t<div class=\"e-con-inner\">\n\t\t\t\t<div class=\"elementor-element elementor-element-ec4f173 elementor-widget elementor-widget-counter\" data-id=\"ec4f173\" data-element_type=\"widget\" data-widget_type=\"counter.default\">\n\t\t\t\t<div class=\"elementor-widget-container\">\n\t\t\t\t\t<div class=\"elementor-counter\">\n\t\t\t<div class=\"elementor-counter-title\">Uspe\u0161nih projekata<\/div>\t\t\t<div class=\"elementor-counter-number-wrapper\">\n\t\t\t\t<span class=\"elementor-counter-number-prefix\"><\/span>\n\t\t\t\t<span class=\"elementor-counter-number\" data-duration=\"2000\" data-to-value=\"1536\" data-from-value=\"0\" data-delimiter=\".\">0<\/span>\n\t\t\t\t<span class=\"elementor-counter-number-suffix\"><\/span>\n\t\t\t<\/div>\n\t\t<\/div>\n\t\t\t\t<\/div>\n\t\t\t\t<\/div>\n\t\t\t\t<div class=\"elementor-element elementor-element-768589d elementor-widget elementor-widget-counter\" data-id=\"768589d\" data-element_type=\"widget\" data-widget_type=\"counter.default\">\n\t\t\t\t<div class=\"elementor-widget-container\">\n\t\t\t\t\t<div class=\"elementor-counter\">\n\t\t\t<div class=\"elementor-counter-title\">Zadovoljnih klijenata<\/div>\t\t\t<div class=\"elementor-counter-number-wrapper\">\n\t\t\t\t<span class=\"elementor-counter-number-prefix\"><\/span>\n\t\t\t\t<span class=\"elementor-counter-number\" data-duration=\"2000\" data-to-value=\"100\" data-from-value=\"0\" data-delimiter=\",\">0<\/span>\n\t\t\t\t<span class=\"elementor-counter-number-suffix\">%<\/span>\n\t\t\t<\/div>\n\t\t<\/div>\n\t\t\t\t<\/div>\n\t\t\t\t<\/div>\n\t\t\t\t<div class=\"elementor-element elementor-element-fb0e92c elementor-widget elementor-widget-counter\" data-id=\"fb0e92c\" data-element_type=\"widget\" data-widget_type=\"counter.default\">\n\t\t\t\t<div class=\"elementor-widget-container\">\n\t\t\t\t\t<div class=\"elementor-counter\">\n\t\t\t<div class=\"elementor-counter-title\">Razli\u010ditih modela<\/div>\t\t\t<div class=\"elementor-counter-number-wrapper\">\n\t\t\t\t<span class=\"elementor-counter-number-prefix\"><\/span>\n\t\t\t\t<span class=\"elementor-counter-number\" data-duration=\"2000\" data-to-value=\"100\" data-from-value=\"0\" data-delimiter=\",\">0<\/span>\n\t\t\t\t<span class=\"elementor-counter-number-suffix\">+<\/span>\n\t\t\t<\/div>\n\t\t<\/div>\n\t\t\t\t<\/div>\n\t\t\t\t<\/div>\n\t\t\t\t<div class=\"elementor-element elementor-element-6e8783c elementor-widget elementor-widget-counter\" data-id=\"6e8783c\" data-element_type=\"widget\" data-widget_type=\"counter.default\">\n\t\t\t\t<div class=\"elementor-widget-container\">\n\t\t\t\t\t<div class=\"elementor-counter\">\n\t\t\t<div class=\"elementor-counter-title\">Godina na tr\u017ei\u0161tu<\/div>\t\t\t<div class=\"elementor-counter-number-wrapper\">\n\t\t\t\t<span class=\"elementor-counter-number-prefix\"><\/span>\n\t\t\t\t<span class=\"elementor-counter-number\" data-duration=\"2000\" data-to-value=\"14\" data-from-value=\"0\" data-delimiter=\",\">0<\/span>\n\t\t\t\t<span class=\"elementor-counter-number-suffix\">+<\/span>\n\t\t\t<\/div>\n\t\t<\/div>\n\t\t\t\t<\/div>\n\t\t\t\t<\/div>\n\t\t\t\t\t<\/div>\n\t\t\t\t<\/div>\n\t\t\t\t\t<\/div>\n\t\t\t\t<\/div>\n\t\t<div class=\"elementor-element elementor-element-18768e2 elementor-hidden-desktop e-flex e-con-boxed e-con e-parent\" data-id=\"18768e2\" data-element_type=\"container\" data-settings=\"{&quot;background_background&quot;:&quot;classic&quot;}\">\n\t\t\t\t\t<div class=\"e-con-inner\">\n\t\t<div class=\"elementor-element elementor-element-a9ffba5 e-con-full e-flex e-con e-child\" data-id=\"a9ffba5\" data-element_type=\"container\">\n\t\t\t\t<div class=\"elementor-element elementor-element-f9c3009 elementor-widget elementor-widget-counter\" data-id=\"f9c3009\" data-element_type=\"widget\" data-widget_type=\"counter.default\">\n\t\t\t\t<div class=\"elementor-widget-container\">\n\t\t\t\t\t<div class=\"elementor-counter\">\n\t\t\t<div class=\"elementor-counter-title\">Uspe\u0161nih projekata<\/div>\t\t\t<div class=\"elementor-counter-number-wrapper\">\n\t\t\t\t<span class=\"elementor-counter-number-prefix\"><\/span>\n\t\t\t\t<span class=\"elementor-counter-number\" data-duration=\"2000\" data-to-value=\"1536\" data-from-value=\"0\" data-delimiter=\".\">0<\/span>\n\t\t\t\t<span class=\"elementor-counter-number-suffix\"><\/span>\n\t\t\t<\/div>\n\t\t<\/div>\n\t\t\t\t<\/div>\n\t\t\t\t<\/div>\n\t\t\t\t<div class=\"elementor-element elementor-element-f4686f4 elementor-widget elementor-widget-counter\" data-id=\"f4686f4\" data-element_type=\"widget\" data-widget_type=\"counter.default\">\n\t\t\t\t<div class=\"elementor-widget-container\">\n\t\t\t\t\t<div class=\"elementor-counter\">\n\t\t\t<div class=\"elementor-counter-title\">Zadovoljnih klijenata<\/div>\t\t\t<div class=\"elementor-counter-number-wrapper\">\n\t\t\t\t<span class=\"elementor-counter-number-prefix\"><\/span>\n\t\t\t\t<span class=\"elementor-counter-number\" data-duration=\"2000\" data-to-value=\"100\" data-from-value=\"0\" data-delimiter=\",\">0<\/span>\n\t\t\t\t<span class=\"elementor-counter-number-suffix\">%<\/span>\n\t\t\t<\/div>\n\t\t<\/div>\n\t\t\t\t<\/div>\n\t\t\t\t<\/div>\n\t\t\t\t<div class=\"elementor-element elementor-element-a57a395 elementor-widget elementor-widget-counter\" data-id=\"a57a395\" data-element_type=\"widget\" data-widget_type=\"counter.default\">\n\t\t\t\t<div class=\"elementor-widget-container\">\n\t\t\t\t\t<div class=\"elementor-counter\">\n\t\t\t<div class=\"elementor-counter-title\">Razli\u010ditih modela<\/div>\t\t\t<div class=\"elementor-counter-number-wrapper\">\n\t\t\t\t<span class=\"elementor-counter-number-prefix\"><\/span>\n\t\t\t\t<span class=\"elementor-counter-number\" data-duration=\"2000\" data-to-value=\"100\" data-from-value=\"0\" data-delimiter=\",\">0<\/span>\n\t\t\t\t<span class=\"elementor-counter-number-suffix\">+<\/span>\n\t\t\t<\/div>\n\t\t<\/div>\n\t\t\t\t<\/div>\n\t\t\t\t<\/div>\n\t\t\t\t<div class=\"elementor-element elementor-element-55adfa0 elementor-widget elementor-widget-counter\" data-id=\"55adfa0\" data-element_type=\"widget\" data-widget_type=\"counter.default\">\n\t\t\t\t<div class=\"elementor-widget-container\">\n\t\t\t\t\t<div class=\"elementor-counter\">\n\t\t\t<div class=\"elementor-counter-title\">Godina na tr\u017ei\u0161tu<\/div>\t\t\t<div class=\"elementor-counter-number-wrapper\">\n\t\t\t\t<span class=\"elementor-counter-number-prefix\"><\/span>\n\t\t\t\t<span class=\"elementor-counter-number\" data-duration=\"2000\" data-to-value=\"14\" data-from-value=\"0\" data-delimiter=\",\">0<\/span>\n\t\t\t\t<span class=\"elementor-counter-number-suffix\">+<\/span>\n\t\t\t<\/div>\n\t\t<\/div>\n\t\t\t\t<\/div>\n\t\t\t\t<\/div>\n\t\t\t\t<\/div>\n\t\t\t\t\t<\/div>\n\t\t\t\t<\/div>\n\t\t<div class=\"elementor-element elementor-element-a926a8d e-flex e-con-boxed e-con e-parent\" data-id=\"a926a8d\" data-element_type=\"container\">\n\t\t\t\t\t<div class=\"e-con-inner\">\n\t\t\t\t<div class=\"elementor-element elementor-element-9ee1533 elementor-widget elementor-widget-heading\" data-id=\"9ee1533\" data-element_type=\"widget\" data-widget_type=\"heading.default\">\n\t\t\t\t<div class=\"elementor-widget-container\">\n\t\t\t<h2 class=\"elementor-heading-title elementor-size-default\">Na\u0161a pri\u010da<\/h2>\t\t<\/div>\n\t\t\t\t<\/div>\n\t\t\t\t<div class=\"elementor-element elementor-element-11a2704 elementor-widget elementor-widget-text-editor\" data-id=\"11a2704\" data-element_type=\"widget\" data-widget_type=\"text-editor.default\">\n\t\t\t\t<div class=\"elementor-widget-container\">\n\t\t\t\t\t\t\t<p>Stakloterm nije samo poslovni entitet &#8211; mi smo \u017eiva pri\u010da o strasti, posve\u0107enosti i napornom radu. Na\u0161a pri\u010da po\u010dinje sa vizijom osniva\u010da koji su osetili duboku povezanost sa industrijom i \u017eeleli da donesu kvalitetne, ru\u010dno izra\u0111ene proizvode svojoj zajednici. Od skromnih po\u010detaka u maloj radionici 1992. godine, do postizanja statusa respektabilne kompanije koja uspe\u0161no posluje na tr\u017ei\u0161tu, na\u0161 put je bio pun izazova, ali i neprocenjivih trenutaka uspeha. Ponosimo se time \u0161to smo izgradili sna\u017ene odnose sa na\u0161im klijentima i zajednicom, i nastavljamo da gradimo na\u0161u pri\u010du svakim novim danom, uz istu strast i posve\u0107enost koja nas je pokretala od samog po\u010detka.<\/p>\t\t\t\t\t\t<\/div>\n\t\t\t\t<\/div>\n\t\t\t\t\t<\/div>\n\t\t\t\t<\/div>\n\t\t<div class=\"elementor-element elementor-element-a5a0d10 e-flex e-con-boxed e-con e-parent\" data-id=\"a5a0d10\" data-element_type=\"container\" data-settings=\"{&quot;background_background&quot;:&quot;video&quot;,&quot;background_video_link&quot;:&quot;https:\\\/\\\/stakloterm.com\\\/wp-content\\\/uploads\\\/2024\\\/11\\\/promovideoCompressed.mp4&quot;,&quot;background_play_on_mobile&quot;:&quot;yes&quot;,&quot;background_video_start&quot;:0}\">\n\t\t\t\t\t<div class=\"e-con-inner\">\n\t\t<div class=\"elementor-background-video-container\">\n\t\t\t\t\t\t\t<video class=\"elementor-background-video-hosted elementor-html5-video\" autoplay muted playsinline loop><\/video>\n\t\t\t\t\t<\/div>\t\t\t<\/div>\n\t\t\t\t<\/div>\n\t\t<div class=\"elementor-element elementor-element-ffa976d e-con-full e-flex e-con e-parent\" data-id=\"ffa976d\" data-element_type=\"container\" data-settings=\"{&quot;background_background&quot;:&quot;classic&quot;}\">\n\t\t<div class=\"elementor-element elementor-element-6585dbd e-con-full e-flex e-con e-child\" data-id=\"6585dbd\" data-element_type=\"container\">\n\t\t<div class=\"elementor-element elementor-element-bb5034a e-con-full onama_gallery e-flex e-con e-child\" data-id=\"bb5034a\" data-element_type=\"container\">\n\t\t\t\t<div class=\"elementor-element elementor-element-7c4dd94 elementor-widget__width-inherit elementor-widget elementor-widget-image\" data-id=\"7c4dd94\" data-element_type=\"widget\" data-widget_type=\"image.default\">\n\t\t\t\t<div class=\"elementor-widget-container\">\n\t\t\t\t\t\t\t\t\t\t\t\t\t<img decoding=\"async\" width=\"200\" height=\"200\" src=\"https:\/\/stakloterm.com\/wp-content\/uploads\/2024\/09\/onama9.png\" class=\"attachment-large size-large wp-image-747\" alt=\"stakloterm sabac proizvodnja pvc i aluminijumske stolarije\" srcset=\"https:\/\/stakloterm.com\/wp-content\/uploads\/2024\/09\/onama9.png 200w, https:\/\/stakloterm.com\/wp-content\/uploads\/2024\/09\/onama9-150x150.png 150w, https:\/\/stakloterm.com\/wp-content\/uploads\/2024\/09\/onama9-100x100.png 100w\" sizes=\"(max-width: 200px) 100vw, 200px\" \/>\t\t\t\t\t\t\t\t\t\t\t\t\t<\/div>\n\t\t\t\t<\/div>\n\t\t\t\t<\/div>\n\t\t<div class=\"elementor-element elementor-element-aed9d2a e-con-full onama_gallery e-flex e-con e-child\" data-id=\"aed9d2a\" data-element_type=\"container\">\n\t\t\t\t<div class=\"elementor-element elementor-element-e09670a elementor-widget__width-inherit elementor-widget elementor-widget-image\" data-id=\"e09670a\" data-element_type=\"widget\" data-widget_type=\"image.default\">\n\t\t\t\t<div class=\"elementor-widget-container\">\n\t\t\t\t\t\t\t\t\t\t\t\t\t<img decoding=\"async\" width=\"200\" height=\"200\" src=\"https:\/\/stakloterm.com\/wp-content\/uploads\/2024\/09\/onama10.png\" class=\"attachment-large size-large wp-image-748\" alt=\"stakloterm sabac proizvodnja pvc i aluminijumske stolarije\" srcset=\"https:\/\/stakloterm.com\/wp-content\/uploads\/2024\/09\/onama10.png 200w, https:\/\/stakloterm.com\/wp-content\/uploads\/2024\/09\/onama10-150x150.png 150w, https:\/\/stakloterm.com\/wp-content\/uploads\/2024\/09\/onama10-100x100.png 100w\" sizes=\"(max-width: 200px) 100vw, 200px\" \/>\t\t\t\t\t\t\t\t\t\t\t\t\t<\/div>\n\t\t\t\t<\/div>\n\t\t\t\t<\/div>\n\t\t<div class=\"elementor-element elementor-element-16f7f4f e-con-full onama_gallery e-flex e-con e-child\" data-id=\"16f7f4f\" data-element_type=\"container\">\n\t\t\t\t<div class=\"elementor-element elementor-element-5cfb8c0 elementor-widget__width-inherit elementor-widget elementor-widget-image\" data-id=\"5cfb8c0\" data-element_type=\"widget\" data-widget_type=\"image.default\">\n\t\t\t\t<div class=\"elementor-widget-container\">\n\t\t\t\t\t\t\t\t\t\t\t\t\t<img decoding=\"async\" width=\"200\" height=\"200\" src=\"https:\/\/stakloterm.com\/wp-content\/uploads\/2024\/09\/onama11.png\" class=\"attachment-large size-large wp-image-749\" alt=\"stakloterm sabac proizvodnja pvc i aluminijumske stolarije\" srcset=\"https:\/\/stakloterm.com\/wp-content\/uploads\/2024\/09\/onama11.png 200w, https:\/\/stakloterm.com\/wp-content\/uploads\/2024\/09\/onama11-150x150.png 150w, https:\/\/stakloterm.com\/wp-content\/uploads\/2024\/09\/onama11-100x100.png 100w\" sizes=\"(max-width: 200px) 100vw, 200px\" \/>\t\t\t\t\t\t\t\t\t\t\t\t\t<\/div>\n\t\t\t\t<\/div>\n\t\t\t\t<\/div>\n\t\t<div class=\"elementor-element elementor-element-3472dbe e-con-full onama_gallery e-flex e-con e-child\" data-id=\"3472dbe\" data-element_type=\"container\">\n\t\t\t\t<div class=\"elementor-element elementor-element-c48afcb elementor-widget__width-inherit elementor-widget elementor-widget-image\" data-id=\"c48afcb\" data-element_type=\"widget\" data-widget_type=\"image.default\">\n\t\t\t\t<div class=\"elementor-widget-container\">\n\t\t\t\t\t\t\t\t\t\t\t\t\t<img loading=\"lazy\" decoding=\"async\" width=\"200\" height=\"200\" src=\"https:\/\/stakloterm.com\/wp-content\/uploads\/2024\/09\/onama12.png\" class=\"attachment-large size-large wp-image-750\" alt=\"stakloterm sabac proizvodnja pvc i aluminijumske stolarije\" srcset=\"https:\/\/stakloterm.com\/wp-content\/uploads\/2024\/09\/onama12.png 200w, https:\/\/stakloterm.com\/wp-content\/uploads\/2024\/09\/onama12-150x150.png 150w, https:\/\/stakloterm.com\/wp-content\/uploads\/2024\/09\/onama12-100x100.png 100w\" sizes=\"(max-width: 200px) 100vw, 200px\" \/>\t\t\t\t\t\t\t\t\t\t\t\t\t<\/div>\n\t\t\t\t<\/div>\n\t\t\t\t<\/div>\n\t\t\t\t<\/div>\n\t\t<div class=\"elementor-element elementor-element-96aa2d2 e-con-full elementor-hidden-tablet elementor-hidden-mobile e-flex e-con e-child\" data-id=\"96aa2d2\" data-element_type=\"container\">\n\t\t<div class=\"elementor-element elementor-element-7abd658 e-con-full onama_gallery e-flex e-con e-child\" data-id=\"7abd658\" data-element_type=\"container\">\n\t\t\t\t<div class=\"elementor-element elementor-element-db58706 elementor-widget__width-inherit elementor-widget elementor-widget-image\" data-id=\"db58706\" data-element_type=\"widget\" data-widget_type=\"image.default\">\n\t\t\t\t<div class=\"elementor-widget-container\">\n\t\t\t\t\t\t\t\t\t\t\t\t\t<img loading=\"lazy\" decoding=\"async\" width=\"200\" height=\"200\" src=\"https:\/\/stakloterm.com\/wp-content\/uploads\/2024\/09\/onama13.png\" class=\"attachment-large size-large wp-image-752\" alt=\"stakloterm sabac proizvodnja pvc i aluminijumske stolarije\" srcset=\"https:\/\/stakloterm.com\/wp-content\/uploads\/2024\/09\/onama13.png 200w, https:\/\/stakloterm.com\/wp-content\/uploads\/2024\/09\/onama13-150x150.png 150w, https:\/\/stakloterm.com\/wp-content\/uploads\/2024\/09\/onama13-100x100.png 100w\" sizes=\"(max-width: 200px) 100vw, 200px\" \/>\t\t\t\t\t\t\t\t\t\t\t\t\t<\/div>\n\t\t\t\t<\/div>\n\t\t\t\t<\/div>\n\t\t<div class=\"elementor-element elementor-element-258e970 e-con-full onama_gallery e-flex e-con e-child\" data-id=\"258e970\" data-element_type=\"container\">\n\t\t\t\t<div class=\"elementor-element elementor-element-7c73d70 elementor-widget__width-inherit elementor-widget elementor-widget-image\" data-id=\"7c73d70\" data-element_type=\"widget\" data-widget_type=\"image.default\">\n\t\t\t\t<div class=\"elementor-widget-container\">\n\t\t\t\t\t\t\t\t\t\t\t\t\t<img loading=\"lazy\" decoding=\"async\" width=\"200\" height=\"200\" src=\"https:\/\/stakloterm.com\/wp-content\/uploads\/2024\/09\/onama14.png\" class=\"attachment-large size-large wp-image-753\" alt=\"stakloterm sabac proizvodnja pvc i aluminijumske stolarije\" srcset=\"https:\/\/stakloterm.com\/wp-content\/uploads\/2024\/09\/onama14.png 200w, https:\/\/stakloterm.com\/wp-content\/uploads\/2024\/09\/onama14-150x150.png 150w, https:\/\/stakloterm.com\/wp-content\/uploads\/2024\/09\/onama14-100x100.png 100w\" sizes=\"(max-width: 200px) 100vw, 200px\" \/>\t\t\t\t\t\t\t\t\t\t\t\t\t<\/div>\n\t\t\t\t<\/div>\n\t\t\t\t<\/div>\n\t\t<div class=\"elementor-element elementor-element-4eeb702 e-con-full onama_gallery e-flex e-con e-child\" data-id=\"4eeb702\" data-element_type=\"container\">\n\t\t\t\t<div class=\"elementor-element elementor-element-7bc81e9 elementor-widget__width-inherit elementor-widget elementor-widget-image\" data-id=\"7bc81e9\" data-element_type=\"widget\" data-widget_type=\"image.default\">\n\t\t\t\t<div class=\"elementor-widget-container\">\n\t\t\t\t\t\t\t\t\t\t\t\t\t<img loading=\"lazy\" decoding=\"async\" width=\"200\" height=\"200\" src=\"https:\/\/stakloterm.com\/wp-content\/uploads\/2024\/09\/onama15.png\" class=\"attachment-large size-large wp-image-754\" alt=\"stakloterm sabac proizvodnja pvc i aluminijumske stolarije\" srcset=\"https:\/\/stakloterm.com\/wp-content\/uploads\/2024\/09\/onama15.png 200w, https:\/\/stakloterm.com\/wp-content\/uploads\/2024\/09\/onama15-150x150.png 150w, https:\/\/stakloterm.com\/wp-content\/uploads\/2024\/09\/onama15-100x100.png 100w\" sizes=\"(max-width: 200px) 100vw, 200px\" \/>\t\t\t\t\t\t\t\t\t\t\t\t\t<\/div>\n\t\t\t\t<\/div>\n\t\t\t\t<\/div>\n\t\t<div class=\"elementor-element elementor-element-af5bc73 e-con-full onama_gallery e-flex e-con e-child\" data-id=\"af5bc73\" data-element_type=\"container\">\n\t\t\t\t<div class=\"elementor-element elementor-element-3e9ea9d elementor-widget__width-inherit elementor-widget elementor-widget-image\" data-id=\"3e9ea9d\" data-element_type=\"widget\" data-widget_type=\"image.default\">\n\t\t\t\t<div class=\"elementor-widget-container\">\n\t\t\t\t\t\t\t\t\t\t\t\t\t<img loading=\"lazy\" decoding=\"async\" width=\"200\" height=\"200\" src=\"https:\/\/stakloterm.com\/wp-content\/uploads\/2024\/09\/onama16.png\" class=\"attachment-large size-large wp-image-755\" alt=\"stakloterm kontaktirajte nsa\" srcset=\"https:\/\/stakloterm.com\/wp-content\/uploads\/2024\/09\/onama16.png 200w, https:\/\/stakloterm.com\/wp-content\/uploads\/2024\/09\/onama16-150x150.png 150w, https:\/\/stakloterm.com\/wp-content\/uploads\/2024\/09\/onama16-100x100.png 100w\" sizes=\"(max-width: 200px) 100vw, 200px\" \/>\t\t\t\t\t\t\t\t\t\t\t\t\t<\/div>\n\t\t\t\t<\/div>\n\t\t\t\t<\/div>\n\t\t\t\t<\/div>\n\t\t\t\t<div class=\"elementor-element elementor-element-2382793 elementor-align-center elementor-hidden-tablet elementor-hidden-mobile elementor-widget elementor-widget-button\" data-id=\"2382793\" data-element_type=\"widget\" data-widget_type=\"button.default\">\n\t\t\t\t<div class=\"elementor-widget-container\">\n\t\t\t\t\t\t\t<div class=\"elementor-button-wrapper\">\n\t\t\t\t\t<a class=\"elementor-button elementor-button-link elementor-size-sm\" href=\"https:\/\/stakloterm.com\/index.php\/galerija\/\">\n\t\t\t\t\t\t<span class=\"elementor-button-content-wrapper\">\n\t\t\t\t\t\t\t\t\t<span class=\"elementor-button-text\">Pogledajte galeriju<\/span>\n\t\t\t\t\t<\/span>\n\t\t\t\t\t<\/a>\n\t\t\t\t<\/div>\n\t\t\t\t\t\t<\/div>\n\t\t\t\t<\/div>\n\t\t\t\t<div class=\"elementor-element elementor-element-d2e2b41 elementor-align-center elementor-hidden-desktop elementor-widget elementor-widget-button\" data-id=\"d2e2b41\" data-element_type=\"widget\" data-widget_type=\"button.default\">\n\t\t\t\t<div class=\"elementor-widget-container\">\n\t\t\t\t\t\t\t<div class=\"elementor-button-wrapper\">\n\t\t\t\t\t<a class=\"elementor-button elementor-button-link elementor-size-sm\" href=\"https:\/\/stakloterm.com\/index.php\/galerija\/\">\n\t\t\t\t\t\t<span class=\"elementor-button-content-wrapper\">\n\t\t\t\t\t\t\t\t\t<span class=\"elementor-button-text\">Pogledajte galeriju<\/span>\n\t\t\t\t\t<\/span>\n\t\t\t\t\t<\/a>\n\t\t\t\t<\/div>\n\t\t\t\t\t\t<\/div>\n\t\t\t\t<\/div>\n\t\t\t\t<\/div>\n\t\t\t\t<\/div>\n\t\t","protected":false},"excerpt":{"rendered":"<p>Upoznajte STAKLOTERM Istorijat Kompanija Stakloterm osnovana je 1992. godine kao mala porodi\u010dna radionica. Od skromnih po\u010detaka osniva\u010d kompanije Marinkovi\u0107 Radovan svojim znanjem i ljubavlju prema ovom zanatu napravio je danas po\u0161tovanu i uglednu firmu. Na korenima njegovog uspe\u0161nog poslovanja do postizanja statusa respektabilne kompanije, na\u0161 put je bio pun izazova, ali i neprocenjivih trenutaka uspeha. [&hellip;]<\/p>\n","protected":false},"author":1,"featured_media":0,"parent":0,"menu_order":0,"comment_status":"closed","ping_status":"closed","template":"","meta":{"footnotes":""},"class_list":["post-24","page","type-page","status-publish","hentry"],"_links":{"self":[{"href":"https:\/\/stakloterm.com\/index.php\/wp-json\/wp\/v2\/pages\/24","targetHints":{"allow":["GET"]}}],"collection":[{"href":"https:\/\/stakloterm.com\/index.php\/wp-json\/wp\/v2\/pages"}],"about":[{"href":"https:\/\/stakloterm.com\/index.php\/wp-json\/wp\/v2\/types\/page"}],"author":[{"embeddable":true,"href":"https:\/\/stakloterm.com\/index.php\/wp-json\/wp\/v2\/users\/1"}],"replies":[{"embeddable":true,"href":"https:\/\/stakloterm.com\/index.php\/wp-json\/wp\/v2\/comments?post=24"}],"version-history":[{"count":127,"href":"https:\/\/stakloterm.com\/index.php\/wp-json\/wp\/v2\/pages\/24\/revisions"}],"predecessor-version":[{"id":2592,"href":"https:\/\/stakloterm.com\/index.php\/wp-json\/wp\/v2\/pages\/24\/revisions\/2592"}],"wp:attachment":[{"href":"https:\/\/stakloterm.com\/index.php\/wp-json\/wp\/v2\/media?parent=24"}],"curies":[{"name":"wp","href":"https:\/\/api.w.org\/{rel}","templated":true}]}}