{"id":1655,"date":"2024-10-07T14:05:23","date_gmt":"2024-10-07T14:05:23","guid":{"rendered":"https:\/\/stakloterm.pixels2pixels.com\/?page_id=1655"},"modified":"2025-09-02T08:59:25","modified_gmt":"2025-09-02T08:59:25","slug":"prateca-oprema","status":"publish","type":"page","link":"https:\/\/stakloterm.com\/index.php\/prateca-oprema\/","title":{"rendered":"Prate\u0107a oprema"},"content":{"rendered":"\t\t<div data-elementor-type=\"wp-page\" data-elementor-id=\"1655\" class=\"elementor elementor-1655\" data-elementor-post-type=\"page\">\n\t\t\t\t<div class=\"elementor-element elementor-element-3e7a7ae1 e-flex e-con-boxed e-con e-parent\" data-id=\"3e7a7ae1\" data-element_type=\"container\" data-settings=\"{&quot;background_background&quot;:&quot;video&quot;,&quot;background_video_link&quot;:&quot;https:\\\/\\\/stakloterm.com\\\/wp-content\\\/uploads\\\/2024\\\/09\\\/profili.mp4&quot;,&quot;background_video_start&quot;:0,&quot;background_play_on_mobile&quot;:&quot;yes&quot;}\">\n\t\t\t\t\t<div class=\"e-con-inner\">\n\t\t<div class=\"elementor-background-video-container\">\n\t\t\t\t\t\t\t<video class=\"elementor-background-video-hosted elementor-html5-video\" autoplay muted playsinline loop><\/video>\n\t\t\t\t\t<\/div>\t\t<div class=\"elementor-element elementor-element-9e51f0d elementor-widget elementor-widget-heading\" data-id=\"9e51f0d\" data-element_type=\"widget\" data-widget_type=\"heading.default\">\n\t\t\t\t<div class=\"elementor-widget-container\">\n\t\t\t<h2 class=\"elementor-heading-title elementor-size-default\">SVE \u0160TO VAM JE POTREBNO<\/h2>\t\t<\/div>\n\t\t\t\t<\/div>\n\t\t\t\t<div class=\"elementor-element elementor-element-4ba8659a elementor-widget elementor-widget-heading\" data-id=\"4ba8659a\" data-element_type=\"widget\" data-widget_type=\"heading.default\">\n\t\t\t\t<div class=\"elementor-widget-container\">\n\t\t\t<h2 class=\"elementor-heading-title elementor-size-default\">PRATE\u0106A OPREMA<\/h2>\t\t<\/div>\n\t\t\t\t<\/div>\n\t\t\t\t\t<\/div>\n\t\t\t\t<\/div>\n\t\t<div class=\"elementor-element elementor-element-4959827f e-con-full e-flex e-con e-parent\" data-id=\"4959827f\" data-element_type=\"container\" data-settings=\"{&quot;background_background&quot;:&quot;classic&quot;}\">\n\t\t<div class=\"elementor-element elementor-element-661d3375 e-con-full elementor-hidden-tablet elementor-hidden-mobile e-flex e-con e-child\" data-id=\"661d3375\" data-element_type=\"container\">\n\t\t\t\t<div class=\"elementor-element elementor-element-144bbad4 elementor-widget elementor-widget-image\" data-id=\"144bbad4\" data-element_type=\"widget\" id=\"category_image\" data-widget_type=\"image.default\">\n\t\t\t\t<div class=\"elementor-widget-container\">\n\t\t\t\t\t\t\t\t\t\t\t\t\t<img fetchpriority=\"high\" decoding=\"async\" width=\"711\" height=\"1024\" src=\"https:\/\/stakloterm.com\/wp-content\/uploads\/2024\/10\/rolls2resized-711x1024.webp\" class=\"attachment-large size-large wp-image-1904\" alt=\"blinds_and_mosquito_screens \/ roletne i komarnici\" srcset=\"https:\/\/stakloterm.com\/wp-content\/uploads\/2024\/10\/rolls2resized-711x1024.webp 711w, https:\/\/stakloterm.com\/wp-content\/uploads\/2024\/10\/rolls2resized-208x300.webp 208w, https:\/\/stakloterm.com\/wp-content\/uploads\/2024\/10\/rolls2resized-768x1106.webp 768w, https:\/\/stakloterm.com\/wp-content\/uploads\/2024\/10\/rolls2resized-1067x1536.webp 1067w, https:\/\/stakloterm.com\/wp-content\/uploads\/2024\/10\/rolls2resized-1422x2048.webp 1422w, https:\/\/stakloterm.com\/wp-content\/uploads\/2024\/10\/rolls2resized-600x864.webp 600w, https:\/\/stakloterm.com\/wp-content\/uploads\/2024\/10\/rolls2resized-scaled.webp 1778w\" sizes=\"(max-width: 711px) 100vw, 711px\" \/>\t\t\t\t\t\t\t\t\t\t\t\t\t<\/div>\n\t\t\t\t<\/div>\n\t\t\t\t<\/div>\n\t\t<div class=\"elementor-element elementor-element-57cef282 e-con-full elementor-hidden-desktop e-flex e-con e-child\" data-id=\"57cef282\" data-element_type=\"container\">\n\t\t\t\t<div class=\"elementor-element elementor-element-4f5d256 elementor-widget elementor-widget-image\" data-id=\"4f5d256\" data-element_type=\"widget\" data-widget_type=\"image.default\">\n\t\t\t\t<div class=\"elementor-widget-container\">\n\t\t\t\t\t\t\t\t\t\t\t\t\t<img fetchpriority=\"high\" decoding=\"async\" width=\"711\" height=\"1024\" src=\"https:\/\/stakloterm.com\/wp-content\/uploads\/2024\/10\/rolls2resized-711x1024.webp\" class=\"attachment-large size-large wp-image-1904\" alt=\"blinds_and_mosquito_screens \/ roletne i komarnici\" srcset=\"https:\/\/stakloterm.com\/wp-content\/uploads\/2024\/10\/rolls2resized-711x1024.webp 711w, https:\/\/stakloterm.com\/wp-content\/uploads\/2024\/10\/rolls2resized-208x300.webp 208w, https:\/\/stakloterm.com\/wp-content\/uploads\/2024\/10\/rolls2resized-768x1106.webp 768w, https:\/\/stakloterm.com\/wp-content\/uploads\/2024\/10\/rolls2resized-1067x1536.webp 1067w, https:\/\/stakloterm.com\/wp-content\/uploads\/2024\/10\/rolls2resized-1422x2048.webp 1422w, https:\/\/stakloterm.com\/wp-content\/uploads\/2024\/10\/rolls2resized-600x864.webp 600w, https:\/\/stakloterm.com\/wp-content\/uploads\/2024\/10\/rolls2resized-scaled.webp 1778w\" sizes=\"(max-width: 711px) 100vw, 711px\" \/>\t\t\t\t\t\t\t\t\t\t\t\t\t<\/div>\n\t\t\t\t<\/div>\n\t\t\t\t<\/div>\n\t\t<div class=\"elementor-element elementor-element-1081549d e-con-full e-flex e-con e-child\" data-id=\"1081549d\" data-element_type=\"container\">\n\t\t\t\t<div class=\"elementor-element elementor-element-329cb765 elementor-widget elementor-widget-heading\" data-id=\"329cb765\" data-element_type=\"widget\" data-widget_type=\"heading.default\">\n\t\t\t\t<div class=\"elementor-widget-container\">\n\t\t\t<h2 class=\"elementor-heading-title elementor-size-default\">Roletne i komarnici -  <\/br>\nPrate\u0107a oprema<\/h2>\t\t<\/div>\n\t\t\t\t<\/div>\n\t\t\t\t<div class=\"elementor-element elementor-element-63a84550 elementor-widget__width-inherit elementor-widget elementor-widget-text-editor\" data-id=\"63a84550\" data-element_type=\"widget\" data-widget_type=\"text-editor.default\">\n\t\t\t\t<div class=\"elementor-widget-container\">\n\t\t\t\t\t\t\t<p>Unutra\u0161nje roletne su popularan izbor za kontrolu svetlosti, privatnost i estetski dodatak u prostorijama. Na\u0161e roletne se sastoje od aluminijumskih lamelica sa poliuretanskom penom, aluminijumskih vo\u0111ica i PVC kutije.<\/p>\t\t\t\t\t\t<\/div>\n\t\t\t\t<\/div>\n\t\t\t\t<div class=\"elementor-element elementor-element-b7f9131 elementor-widget elementor-widget-heading\" data-id=\"b7f9131\" data-element_type=\"widget\" data-widget_type=\"heading.default\">\n\t\t\t\t<div class=\"elementor-widget-container\">\n\t\t\t<h2 class=\"elementor-heading-title elementor-size-default\">Prednosti unutra\u0161njih roletni:<\/h2>\t\t<\/div>\n\t\t\t\t<\/div>\n\t\t\t\t<div class=\"elementor-element elementor-element-694f8712 elementor-widget elementor-widget-text-editor\" data-id=\"694f8712\" data-element_type=\"widget\" data-widget_type=\"text-editor.default\">\n\t\t\t\t<div class=\"elementor-widget-container\">\n\t\t\t\t\t\t\t<p><strong>Kontrola svetlosti:<\/strong> Mogu se lako pode\u0161avati kako bi se kontrolisala koli\u010dina svetlosti koja ulazi u prostoriju, \u0161to je idealno za stvaranje \u017eeljene atmi za\u0161titu od sun\u010devih zraka.<\/p>\t\t\t\t\t\t<\/div>\n\t\t\t\t<\/div>\n\t\t\t\t<div class=\"elementor-element elementor-element-6b4cbb9a elementor-widget elementor-widget-text-editor\" data-id=\"6b4cbb9a\" data-element_type=\"widget\" data-widget_type=\"text-editor.default\">\n\t\t\t\t<div class=\"elementor-widget-container\">\n\t\t\t\t\t\t\t<p><strong>Privatnost:<\/strong> Unutra\u0161nje roletne omogu\u0107avaju privatnost, posebno u prostorijama gde je to klju\u010dno, poput spava\u0107ih soba i kupatila.<\/p>\t\t\t\t\t\t<\/div>\n\t\t\t\t<\/div>\n\t\t\t\t<div class=\"elementor-element elementor-element-32cd6d4f elementor-widget elementor-widget-text-editor\" data-id=\"32cd6d4f\" data-element_type=\"widget\" data-widget_type=\"text-editor.default\">\n\t\t\t\t<div class=\"elementor-widget-container\">\n\t\t\t\t\t\t\t<p><strong>Estetika:<\/strong> Dolaze u razli\u010ditim dizajnima i bojama, \u0161to omogu\u0107ava prilago\u0111avanje dekoru svake prostorije.<\/p>\t\t\t\t\t\t<\/div>\n\t\t\t\t<\/div>\n\t\t\t\t<div class=\"elementor-element elementor-element-2d89865d elementor-widget elementor-widget-text-editor\" data-id=\"2d89865d\" data-element_type=\"widget\" data-widget_type=\"text-editor.default\">\n\t\t\t\t<div class=\"elementor-widget-container\">\n\t\t\t\t\t\t\t<p><strong>Energetska efikasnost:<\/strong> Poma\u017eu u regulisanju temperature unutar prostorije, smanjuju\u0107i potrebu za grejanjem zimi i hla\u0111enjem leti, \u010dime doprinose energetskoj efikasnosti.<\/p>\t\t\t\t\t\t<\/div>\n\t\t\t\t<\/div>\n\t\t\t\t<div class=\"elementor-element elementor-element-5ad88638 elementor-widget elementor-widget-text-editor\" data-id=\"5ad88638\" data-element_type=\"widget\" data-widget_type=\"text-editor.default\">\n\t\t\t\t<div class=\"elementor-widget-container\">\n\t\t\t\t\t\t\t<p><strong>Jednostavno odr\u017eavanje:<\/strong> Ve\u0107ina unutra\u0161njih roletni je lako za odr\u017eavanje. Mogu se \u010distiti obi\u010dnim brisanjem ili pranjem<\/p>\t\t\t\t\t\t<\/div>\n\t\t\t\t<\/div>\n\t\t\t\t<\/div>\n\t\t\t\t<\/div>\n\t\t<div class=\"elementor-element elementor-element-bb85dcd e-con-full e-flex e-con e-parent\" data-id=\"bb85dcd\" data-element_type=\"container\" data-settings=\"{&quot;background_background&quot;:&quot;classic&quot;}\">\n\t\t<div class=\"elementor-element elementor-element-4894cc6 e-con-full e-flex e-con e-child\" data-id=\"4894cc6\" data-element_type=\"container\">\n\t\t<div class=\"elementor-element elementor-element-6257b0ca e-con-full e-flex e-con e-child\" data-id=\"6257b0ca\" data-element_type=\"container\">\n\t\t\t\t<div class=\"elementor-element elementor-element-4d1e150f elementor-widget elementor-widget-heading\" data-id=\"4d1e150f\" data-element_type=\"widget\" data-widget_type=\"heading.default\">\n\t\t\t\t<div class=\"elementor-widget-container\">\n\t\t\t<h2 class=\"elementor-heading-title elementor-size-default\">Komarnici:<\/h2>\t\t<\/div>\n\t\t\t\t<\/div>\n\t\t\t\t<div class=\"elementor-element elementor-element-1122238d elementor-widget elementor-widget-text-editor\" data-id=\"1122238d\" data-element_type=\"widget\" data-widget_type=\"text-editor.default\">\n\t\t\t\t<div class=\"elementor-widget-container\">\n\t\t\t\t\t\t\t<p>Komarnici su adekvatna za\u0161tita od insekata. Komarnici su mre\u017easti sistemi koji spre\u010davaju ulazak insekata u unutra\u0161njost prostora dok omogu\u0107avaju slobodan protok vazduha. U ponudi su tri vrste komarnika: rolo, plise i fiksni, svaki sa svojim specifi\u010dnim prednostima.<\/p>\t\t\t\t\t\t<\/div>\n\t\t\t\t<\/div>\n\t\t\t\t<\/div>\n\t\t<div class=\"elementor-element elementor-element-99c8f3f e-con-full e-flex e-con e-child\" data-id=\"99c8f3f\" data-element_type=\"container\">\n\t\t\t\t<div class=\"elementor-element elementor-element-48b8be60 elementor-widget elementor-widget-heading\" data-id=\"48b8be60\" data-element_type=\"widget\" data-widget_type=\"heading.default\">\n\t\t\t\t<div class=\"elementor-widget-container\">\n\t\t\t<h2 class=\"elementor-heading-title elementor-size-default\">Fiksni komarnici<\/h2>\t\t<\/div>\n\t\t\t\t<\/div>\n\t\t\t\t<div class=\"elementor-element elementor-element-49f2c31e elementor-widget elementor-widget-text-editor\" data-id=\"49f2c31e\" data-element_type=\"widget\" data-widget_type=\"text-editor.default\">\n\t\t\t\t<div class=\"elementor-widget-container\">\n\t\t\t\t\t\t\t<p><strong>Jednostavna instalacija:<\/strong> Lako se postavljaju i uklanjaju. <br \/><strong>Niski tro\u0161kovi:<\/strong> Obi\u010dno su najpovoljnija opcija. <br \/><strong>Izdr\u017eljivost:<\/strong> Dugotrajni su i otporni na vremenske uslove.<\/p>\t\t\t\t\t\t<\/div>\n\t\t\t\t<\/div>\n\t\t\t\t<\/div>\n\t\t<div class=\"elementor-element elementor-element-34042e48 e-con-full e-flex e-con e-child\" data-id=\"34042e48\" data-element_type=\"container\">\n\t\t\t\t<div class=\"elementor-element elementor-element-692a98a4 elementor-widget elementor-widget-heading\" data-id=\"692a98a4\" data-element_type=\"widget\" data-widget_type=\"heading.default\">\n\t\t\t\t<div class=\"elementor-widget-container\">\n\t\t\t<h2 class=\"elementor-heading-title elementor-size-default\">Rolo komarnici<\/h2>\t\t<\/div>\n\t\t\t\t<\/div>\n\t\t\t\t<div class=\"elementor-element elementor-element-487a6c36 elementor-widget elementor-widget-text-editor\" data-id=\"487a6c36\" data-element_type=\"widget\" data-widget_type=\"text-editor.default\">\n\t\t\t\t<div class=\"elementor-widget-container\">\n\t\t\t\t\t\t\t<p><strong>Fleksibilnost:<\/strong> Mogu se povu\u0107i kada nisu potrebni, \u0161to olak\u0161ava pristup prozorima. <br \/><strong>Estetika:<\/strong> Neprimetni su kada su povu\u010deni, zadr\u017eavaju\u0107i izgled prozora. <br \/><strong>Jednostavno kori\u0161\u0107enje:<\/strong> Lako se podi\u017eu i spu\u0161taju zahvaljuju\u0107i rolo mehanizmu.<\/p>\t\t\t\t\t\t<\/div>\n\t\t\t\t<\/div>\n\t\t\t\t<\/div>\n\t\t<div class=\"elementor-element elementor-element-795b02bd e-con-full e-flex e-con e-child\" data-id=\"795b02bd\" data-element_type=\"container\">\n\t\t\t\t<div class=\"elementor-element elementor-element-fa7b658 elementor-widget elementor-widget-heading\" data-id=\"fa7b658\" data-element_type=\"widget\" data-widget_type=\"heading.default\">\n\t\t\t\t<div class=\"elementor-widget-container\">\n\t\t\t<h2 class=\"elementor-heading-title elementor-size-default\">Pli\u0161e komarnici<\/h2>\t\t<\/div>\n\t\t\t\t<\/div>\n\t\t\t\t<div class=\"elementor-element elementor-element-70ee1ba3 elementor-widget elementor-widget-text-editor\" data-id=\"70ee1ba3\" data-element_type=\"widget\" data-widget_type=\"text-editor.default\">\n\t\t\t\t<div class=\"elementor-widget-container\">\n\t\t\t\t\t\t\t<p><strong>Kompaktni dizajn:<\/strong> Sklapaju se u harmoniku, zauzimaju\u0107i minimalan prostor kada nisu u upotrebi. <br \/><strong>Jednostavna upotreba:<\/strong> Lako se otvaraju i zatvaraju povla\u010denjem. <br \/><strong>Estetika:<\/strong> Modernog su izgleda i mogu se uklopiti u razli\u010dite enterijere<\/p>\t\t\t\t\t\t<\/div>\n\t\t\t\t<\/div>\n\t\t\t\t<\/div>\n\t\t\t\t<\/div>\n\t\t<div class=\"elementor-element elementor-element-feecbac e-con-full elementor-hidden-tablet elementor-hidden-mobile e-flex e-con e-child\" data-id=\"feecbac\" data-element_type=\"container\">\n\t\t\t\t<div class=\"elementor-element elementor-element-279fd213 elementor-widget elementor-widget-image\" data-id=\"279fd213\" data-element_type=\"widget\" id=\"cagetory_image1\" data-widget_type=\"image.default\">\n\t\t\t\t<div class=\"elementor-widget-container\">\n\t\t\t\t\t\t\t\t\t\t\t\t\t<img decoding=\"async\" width=\"711\" height=\"1024\" src=\"https:\/\/stakloterm.com\/wp-content\/uploads\/2024\/10\/rollsresized-min-711x1024.webp\" class=\"attachment-large size-large wp-image-1905\" alt=\"roletne \/ blinds\" srcset=\"https:\/\/stakloterm.com\/wp-content\/uploads\/2024\/10\/rollsresized-min-711x1024.webp 711w, https:\/\/stakloterm.com\/wp-content\/uploads\/2024\/10\/rollsresized-min-208x300.webp 208w, https:\/\/stakloterm.com\/wp-content\/uploads\/2024\/10\/rollsresized-min-768x1106.webp 768w, https:\/\/stakloterm.com\/wp-content\/uploads\/2024\/10\/rollsresized-min-1067x1536.webp 1067w, https:\/\/stakloterm.com\/wp-content\/uploads\/2024\/10\/rollsresized-min-1422x2048.webp 1422w, https:\/\/stakloterm.com\/wp-content\/uploads\/2024\/10\/rollsresized-min-600x864.webp 600w, https:\/\/stakloterm.com\/wp-content\/uploads\/2024\/10\/rollsresized-min-scaled.webp 1778w\" sizes=\"(max-width: 711px) 100vw, 711px\" \/>\t\t\t\t\t\t\t\t\t\t\t\t\t<\/div>\n\t\t\t\t<\/div>\n\t\t\t\t<\/div>\n\t\t<div class=\"elementor-element elementor-element-2a97e91f e-con-full elementor-hidden-desktop e-flex e-con e-child\" data-id=\"2a97e91f\" data-element_type=\"container\">\n\t\t\t\t<div class=\"elementor-element elementor-element-72c8810f elementor-widget elementor-widget-image\" data-id=\"72c8810f\" data-element_type=\"widget\" data-widget_type=\"image.default\">\n\t\t\t\t<div class=\"elementor-widget-container\">\n\t\t\t\t\t\t\t\t\t\t\t\t\t<img decoding=\"async\" width=\"711\" height=\"1024\" src=\"https:\/\/stakloterm.com\/wp-content\/uploads\/2024\/10\/rollsresized-min-711x1024.webp\" class=\"attachment-large size-large wp-image-1905\" alt=\"roletne \/ blinds\" srcset=\"https:\/\/stakloterm.com\/wp-content\/uploads\/2024\/10\/rollsresized-min-711x1024.webp 711w, https:\/\/stakloterm.com\/wp-content\/uploads\/2024\/10\/rollsresized-min-208x300.webp 208w, https:\/\/stakloterm.com\/wp-content\/uploads\/2024\/10\/rollsresized-min-768x1106.webp 768w, https:\/\/stakloterm.com\/wp-content\/uploads\/2024\/10\/rollsresized-min-1067x1536.webp 1067w, https:\/\/stakloterm.com\/wp-content\/uploads\/2024\/10\/rollsresized-min-1422x2048.webp 1422w, https:\/\/stakloterm.com\/wp-content\/uploads\/2024\/10\/rollsresized-min-600x864.webp 600w, https:\/\/stakloterm.com\/wp-content\/uploads\/2024\/10\/rollsresized-min-scaled.webp 1778w\" sizes=\"(max-width: 711px) 100vw, 711px\" \/>\t\t\t\t\t\t\t\t\t\t\t\t\t<\/div>\n\t\t\t\t<\/div>\n\t\t\t\t<\/div>\n\t\t\t\t<\/div>\n\t\t<div class=\"elementor-element elementor-element-c1bdc71 e-flex e-con-boxed e-con e-parent\" data-id=\"c1bdc71\" data-element_type=\"container\" data-settings=\"{&quot;background_background&quot;:&quot;classic&quot;}\">\n\t\t\t\t\t<div class=\"e-con-inner\">\n\t\t<div class=\"elementor-element elementor-element-1e9a4b8d e-con-full e-flex e-con e-child\" data-id=\"1e9a4b8d\" data-element_type=\"container\">\n\t\t<div class=\"elementor-element elementor-element-59579190 e-con-full e-flex e-con e-child\" data-id=\"59579190\" data-element_type=\"container\">\n\t\t\t\t<div class=\"elementor-element elementor-element-240b65a3 elementor-widget elementor-widget-heading\" data-id=\"240b65a3\" data-element_type=\"widget\" data-widget_type=\"heading.default\">\n\t\t\t\t<div class=\"elementor-widget-container\">\n\t\t\t<h2 class=\"elementor-heading-title elementor-size-default\">Zainteresovani ste za na\u0161e proizvode ili imate pitanja?<\/h2>\t\t<\/div>\n\t\t\t\t<\/div>\n\t\t\t\t<div class=\"elementor-element elementor-element-4abe8014 elementor-widget elementor-widget-heading\" data-id=\"4abe8014\" data-element_type=\"widget\" data-widget_type=\"heading.default\">\n\t\t\t\t<div class=\"elementor-widget-container\">\n\t\t\t<h2 class=\"elementor-heading-title elementor-size-default\">Ne ustru\u010davajte se da nas kontaktirate - tu smo da vam pru\u017eimo sve informacije koje su vam potrebne!<\/h2>\t\t<\/div>\n\t\t\t\t<\/div>\n\t\t\t\t<\/div>\n\t\t\t\t<div class=\"elementor-element elementor-element-5afec7ca elementor-widget elementor-widget-button\" data-id=\"5afec7ca\" data-element_type=\"widget\" data-widget_type=\"button.default\">\n\t\t\t\t<div class=\"elementor-widget-container\">\n\t\t\t\t\t\t\t<div class=\"elementor-button-wrapper\">\n\t\t\t\t\t<a class=\"elementor-button elementor-button-link elementor-size-sm\" href=\"https:\/\/stakloterm.com\/index.php\/kontakt\/\">\n\t\t\t\t\t\t<span class=\"elementor-button-content-wrapper\">\n\t\t\t\t\t\t\t\t\t<span class=\"elementor-button-text\">Kontaktirajte nas<\/span>\n\t\t\t\t\t<\/span>\n\t\t\t\t\t<\/a>\n\t\t\t\t<\/div>\n\t\t\t\t\t\t<\/div>\n\t\t\t\t<\/div>\n\t\t\t\t<\/div>\n\t\t\t\t\t<\/div>\n\t\t\t\t<\/div>\n\t\t\t\t<\/div>\n\t\t","protected":false},"excerpt":{"rendered":"<p>SVE \u0160TO VAM JE POTREBNO PRATE\u0106A OPREMA Roletne i komarnici &#8211; Prate\u0107a oprema Unutra\u0161nje roletne su popularan izbor za kontrolu svetlosti, privatnost i estetski dodatak u prostorijama. Na\u0161e roletne se sastoje od aluminijumskih lamelica sa poliuretanskom penom, aluminijumskih vo\u0111ica i PVC kutije. Prednosti unutra\u0161njih roletni: Kontrola svetlosti: Mogu se lako pode\u0161avati kako bi se kontrolisala [&hellip;]<\/p>\n","protected":false},"author":1,"featured_media":0,"parent":0,"menu_order":0,"comment_status":"closed","ping_status":"closed","template":"","meta":{"footnotes":""},"class_list":["post-1655","page","type-page","status-publish","hentry"],"_links":{"self":[{"href":"https:\/\/stakloterm.com\/index.php\/wp-json\/wp\/v2\/pages\/1655","targetHints":{"allow":["GET"]}}],"collection":[{"href":"https:\/\/stakloterm.com\/index.php\/wp-json\/wp\/v2\/pages"}],"about":[{"href":"https:\/\/stakloterm.com\/index.php\/wp-json\/wp\/v2\/types\/page"}],"author":[{"embeddable":true,"href":"https:\/\/stakloterm.com\/index.php\/wp-json\/wp\/v2\/users\/1"}],"replies":[{"embeddable":true,"href":"https:\/\/stakloterm.com\/index.php\/wp-json\/wp\/v2\/comments?post=1655"}],"version-history":[{"count":31,"href":"https:\/\/stakloterm.com\/index.php\/wp-json\/wp\/v2\/pages\/1655\/revisions"}],"predecessor-version":[{"id":2601,"href":"https:\/\/stakloterm.com\/index.php\/wp-json\/wp\/v2\/pages\/1655\/revisions\/2601"}],"wp:attachment":[{"href":"https:\/\/stakloterm.com\/index.php\/wp-json\/wp\/v2\/media?parent=1655"}],"curies":[{"name":"wp","href":"https:\/\/api.w.org\/{rel}","templated":true}]}}