{"id":1650,"date":"2024-10-07T14:01:50","date_gmt":"2024-10-07T14:01:50","guid":{"rendered":"https:\/\/stakloterm.pixels2pixels.com\/?page_id=1650"},"modified":"2025-09-02T08:58:43","modified_gmt":"2025-09-02T08:58:43","slug":"dekorativni-paneli","status":"publish","type":"page","link":"https:\/\/stakloterm.com\/index.php\/dekorativni-paneli\/","title":{"rendered":"Dekorativni paneli"},"content":{"rendered":"\t\t<div data-elementor-type=\"wp-page\" data-elementor-id=\"1650\" class=\"elementor elementor-1650\" data-elementor-post-type=\"page\">\n\t\t\t\t<div class=\"elementor-element elementor-element-32849fe0 e-flex e-con-boxed e-con e-parent\" data-id=\"32849fe0\" data-element_type=\"container\" data-settings=\"{&quot;background_background&quot;:&quot;video&quot;,&quot;background_video_link&quot;:&quot;https:\\\/\\\/stakloterm.com\\\/wp-content\\\/uploads\\\/2024\\\/09\\\/profili.mp4&quot;,&quot;background_video_start&quot;:0,&quot;background_play_on_mobile&quot;:&quot;yes&quot;}\">\n\t\t\t\t\t<div class=\"e-con-inner\">\n\t\t<div class=\"elementor-background-video-container\">\n\t\t\t\t\t\t\t<video class=\"elementor-background-video-hosted elementor-html5-video\" autoplay muted playsinline loop><\/video>\n\t\t\t\t\t<\/div>\t\t<div class=\"elementor-element elementor-element-72606b5b elementor-widget elementor-widget-heading\" data-id=\"72606b5b\" data-element_type=\"widget\" data-widget_type=\"heading.default\">\n\t\t\t\t<div class=\"elementor-widget-container\">\n\t\t\t<h2 class=\"elementor-heading-title elementor-size-default\">DIZAJNIRAJTE PROSTOR PO SVOJOJ MERI<\/h2>\t\t<\/div>\n\t\t\t\t<\/div>\n\t\t\t\t<div class=\"elementor-element elementor-element-668ebfc2 elementor-widget elementor-widget-heading\" data-id=\"668ebfc2\" data-element_type=\"widget\" data-widget_type=\"heading.default\">\n\t\t\t\t<div class=\"elementor-widget-container\">\n\t\t\t<h1 class=\"elementor-heading-title elementor-size-default\">DEKORATIVNI PANELI<\/h1>\t\t<\/div>\n\t\t\t\t<\/div>\n\t\t\t\t\t<\/div>\n\t\t\t\t<\/div>\n\t\t<div class=\"elementor-element elementor-element-76855000 e-con-full e-flex e-con e-parent\" data-id=\"76855000\" data-element_type=\"container\" data-settings=\"{&quot;background_background&quot;:&quot;classic&quot;}\">\n\t\t<div class=\"elementor-element elementor-element-765e9a18 e-con-full e-flex e-con e-child\" data-id=\"765e9a18\" data-element_type=\"container\">\n\t\t<div class=\"elementor-element elementor-element-5377a0b4 e-con-full onama_gallery e-flex e-con e-child\" data-id=\"5377a0b4\" data-element_type=\"container\">\n\t\t\t\t<div class=\"elementor-element elementor-element-2298336f elementor-widget__width-inherit elementor-widget elementor-widget-image\" data-id=\"2298336f\" data-element_type=\"widget\" data-widget_type=\"image.default\">\n\t\t\t\t<div class=\"elementor-widget-container\">\n\t\t\t\t\t\t\t\t\t\t\t\t\t<img decoding=\"async\" width=\"200\" height=\"200\" src=\"https:\/\/stakloterm.com\/wp-content\/uploads\/2024\/09\/onama9.png\" class=\"attachment-large size-large wp-image-747\" alt=\"stakloterm sabac proizvodnja pvc i aluminijumske stolarije\" srcset=\"https:\/\/stakloterm.com\/wp-content\/uploads\/2024\/09\/onama9.png 200w, https:\/\/stakloterm.com\/wp-content\/uploads\/2024\/09\/onama9-150x150.png 150w, https:\/\/stakloterm.com\/wp-content\/uploads\/2024\/09\/onama9-100x100.png 100w\" sizes=\"(max-width: 200px) 100vw, 200px\" \/>\t\t\t\t\t\t\t\t\t\t\t\t\t<\/div>\n\t\t\t\t<\/div>\n\t\t\t\t<\/div>\n\t\t<div class=\"elementor-element elementor-element-3af0b2cd e-con-full onama_gallery e-flex e-con e-child\" data-id=\"3af0b2cd\" data-element_type=\"container\">\n\t\t\t\t<div class=\"elementor-element elementor-element-105ba23f elementor-widget__width-inherit elementor-widget elementor-widget-image\" data-id=\"105ba23f\" data-element_type=\"widget\" data-widget_type=\"image.default\">\n\t\t\t\t<div class=\"elementor-widget-container\">\n\t\t\t\t\t\t\t\t\t\t\t\t\t<img decoding=\"async\" width=\"200\" height=\"200\" src=\"https:\/\/stakloterm.com\/wp-content\/uploads\/2024\/09\/onama10.png\" class=\"attachment-large size-large wp-image-748\" alt=\"stakloterm sabac proizvodnja pvc i aluminijumske stolarije\" srcset=\"https:\/\/stakloterm.com\/wp-content\/uploads\/2024\/09\/onama10.png 200w, https:\/\/stakloterm.com\/wp-content\/uploads\/2024\/09\/onama10-150x150.png 150w, https:\/\/stakloterm.com\/wp-content\/uploads\/2024\/09\/onama10-100x100.png 100w\" sizes=\"(max-width: 200px) 100vw, 200px\" \/>\t\t\t\t\t\t\t\t\t\t\t\t\t<\/div>\n\t\t\t\t<\/div>\n\t\t\t\t<\/div>\n\t\t<div class=\"elementor-element elementor-element-4738cd4c e-con-full onama_gallery e-flex e-con e-child\" data-id=\"4738cd4c\" data-element_type=\"container\">\n\t\t\t\t<div class=\"elementor-element elementor-element-7707c9fe elementor-widget__width-inherit elementor-widget elementor-widget-image\" data-id=\"7707c9fe\" data-element_type=\"widget\" data-widget_type=\"image.default\">\n\t\t\t\t<div class=\"elementor-widget-container\">\n\t\t\t\t\t\t\t\t\t\t\t\t\t<img decoding=\"async\" width=\"200\" height=\"200\" src=\"https:\/\/stakloterm.com\/wp-content\/uploads\/2024\/09\/onama11.png\" class=\"attachment-large size-large wp-image-749\" alt=\"stakloterm sabac proizvodnja pvc i aluminijumske stolarije\" srcset=\"https:\/\/stakloterm.com\/wp-content\/uploads\/2024\/09\/onama11.png 200w, https:\/\/stakloterm.com\/wp-content\/uploads\/2024\/09\/onama11-150x150.png 150w, https:\/\/stakloterm.com\/wp-content\/uploads\/2024\/09\/onama11-100x100.png 100w\" sizes=\"(max-width: 200px) 100vw, 200px\" \/>\t\t\t\t\t\t\t\t\t\t\t\t\t<\/div>\n\t\t\t\t<\/div>\n\t\t\t\t<\/div>\n\t\t<div class=\"elementor-element elementor-element-4c8552 e-con-full onama_gallery e-flex e-con e-child\" data-id=\"4c8552\" data-element_type=\"container\">\n\t\t\t\t<div class=\"elementor-element elementor-element-1b0f4645 elementor-widget__width-inherit elementor-widget elementor-widget-image\" data-id=\"1b0f4645\" data-element_type=\"widget\" data-widget_type=\"image.default\">\n\t\t\t\t<div class=\"elementor-widget-container\">\n\t\t\t\t\t\t\t\t\t\t\t\t\t<img loading=\"lazy\" decoding=\"async\" width=\"200\" height=\"200\" src=\"https:\/\/stakloterm.com\/wp-content\/uploads\/2024\/09\/onama12.png\" class=\"attachment-large size-large wp-image-750\" alt=\"stakloterm sabac proizvodnja pvc i aluminijumske stolarije\" srcset=\"https:\/\/stakloterm.com\/wp-content\/uploads\/2024\/09\/onama12.png 200w, https:\/\/stakloterm.com\/wp-content\/uploads\/2024\/09\/onama12-150x150.png 150w, https:\/\/stakloterm.com\/wp-content\/uploads\/2024\/09\/onama12-100x100.png 100w\" sizes=\"(max-width: 200px) 100vw, 200px\" \/>\t\t\t\t\t\t\t\t\t\t\t\t\t<\/div>\n\t\t\t\t<\/div>\n\t\t\t\t<\/div>\n\t\t\t\t<\/div>\n\t\t<div class=\"elementor-element elementor-element-718b5d93 e-con-full e-flex e-con e-child\" data-id=\"718b5d93\" data-element_type=\"container\">\n\t\t<div class=\"elementor-element elementor-element-3930e5d5 e-con-full onama_gallery e-flex e-con e-child\" data-id=\"3930e5d5\" data-element_type=\"container\">\n\t\t\t\t<div class=\"elementor-element elementor-element-5f87de95 elementor-widget__width-inherit elementor-widget elementor-widget-image\" data-id=\"5f87de95\" data-element_type=\"widget\" data-widget_type=\"image.default\">\n\t\t\t\t<div class=\"elementor-widget-container\">\n\t\t\t\t\t\t\t\t\t\t\t\t\t<img loading=\"lazy\" decoding=\"async\" width=\"200\" height=\"200\" src=\"https:\/\/stakloterm.com\/wp-content\/uploads\/2024\/09\/onama13.png\" class=\"attachment-large size-large wp-image-752\" alt=\"stakloterm sabac proizvodnja pvc i aluminijumske stolarije\" srcset=\"https:\/\/stakloterm.com\/wp-content\/uploads\/2024\/09\/onama13.png 200w, https:\/\/stakloterm.com\/wp-content\/uploads\/2024\/09\/onama13-150x150.png 150w, https:\/\/stakloterm.com\/wp-content\/uploads\/2024\/09\/onama13-100x100.png 100w\" sizes=\"(max-width: 200px) 100vw, 200px\" \/>\t\t\t\t\t\t\t\t\t\t\t\t\t<\/div>\n\t\t\t\t<\/div>\n\t\t\t\t<\/div>\n\t\t<div class=\"elementor-element elementor-element-4cef127c e-con-full onama_gallery e-flex e-con e-child\" data-id=\"4cef127c\" data-element_type=\"container\">\n\t\t\t\t<div class=\"elementor-element elementor-element-189c11ac elementor-widget__width-inherit elementor-widget elementor-widget-image\" data-id=\"189c11ac\" data-element_type=\"widget\" data-widget_type=\"image.default\">\n\t\t\t\t<div class=\"elementor-widget-container\">\n\t\t\t\t\t\t\t\t\t\t\t\t\t<img loading=\"lazy\" decoding=\"async\" width=\"200\" height=\"200\" src=\"https:\/\/stakloterm.com\/wp-content\/uploads\/2024\/09\/onama14.png\" class=\"attachment-large size-large wp-image-753\" alt=\"stakloterm sabac proizvodnja pvc i aluminijumske stolarije\" srcset=\"https:\/\/stakloterm.com\/wp-content\/uploads\/2024\/09\/onama14.png 200w, https:\/\/stakloterm.com\/wp-content\/uploads\/2024\/09\/onama14-150x150.png 150w, https:\/\/stakloterm.com\/wp-content\/uploads\/2024\/09\/onama14-100x100.png 100w\" sizes=\"(max-width: 200px) 100vw, 200px\" \/>\t\t\t\t\t\t\t\t\t\t\t\t\t<\/div>\n\t\t\t\t<\/div>\n\t\t\t\t<\/div>\n\t\t<div class=\"elementor-element elementor-element-6a9c682a e-con-full onama_gallery e-flex e-con e-child\" data-id=\"6a9c682a\" data-element_type=\"container\">\n\t\t\t\t<div class=\"elementor-element elementor-element-f1fd4dd elementor-widget__width-inherit elementor-widget elementor-widget-image\" data-id=\"f1fd4dd\" data-element_type=\"widget\" data-widget_type=\"image.default\">\n\t\t\t\t<div class=\"elementor-widget-container\">\n\t\t\t\t\t\t\t\t\t\t\t\t\t<img loading=\"lazy\" decoding=\"async\" width=\"200\" height=\"200\" src=\"https:\/\/stakloterm.com\/wp-content\/uploads\/2024\/09\/onama15.png\" class=\"attachment-large size-large wp-image-754\" alt=\"stakloterm sabac proizvodnja pvc i aluminijumske stolarije\" srcset=\"https:\/\/stakloterm.com\/wp-content\/uploads\/2024\/09\/onama15.png 200w, https:\/\/stakloterm.com\/wp-content\/uploads\/2024\/09\/onama15-150x150.png 150w, https:\/\/stakloterm.com\/wp-content\/uploads\/2024\/09\/onama15-100x100.png 100w\" sizes=\"(max-width: 200px) 100vw, 200px\" \/>\t\t\t\t\t\t\t\t\t\t\t\t\t<\/div>\n\t\t\t\t<\/div>\n\t\t\t\t<\/div>\n\t\t<div class=\"elementor-element elementor-element-7ff534eb e-con-full onama_gallery e-flex e-con e-child\" data-id=\"7ff534eb\" data-element_type=\"container\">\n\t\t\t\t<div class=\"elementor-element elementor-element-3a7dca7a elementor-widget__width-inherit elementor-widget elementor-widget-image\" data-id=\"3a7dca7a\" data-element_type=\"widget\" data-widget_type=\"image.default\">\n\t\t\t\t<div class=\"elementor-widget-container\">\n\t\t\t\t\t\t\t\t\t\t\t\t\t<img loading=\"lazy\" decoding=\"async\" width=\"200\" height=\"200\" src=\"https:\/\/stakloterm.com\/wp-content\/uploads\/2024\/09\/onama16.png\" class=\"attachment-large size-large wp-image-755\" alt=\"stakloterm kontaktirajte nsa\" srcset=\"https:\/\/stakloterm.com\/wp-content\/uploads\/2024\/09\/onama16.png 200w, https:\/\/stakloterm.com\/wp-content\/uploads\/2024\/09\/onama16-150x150.png 150w, https:\/\/stakloterm.com\/wp-content\/uploads\/2024\/09\/onama16-100x100.png 100w\" sizes=\"(max-width: 200px) 100vw, 200px\" \/>\t\t\t\t\t\t\t\t\t\t\t\t\t<\/div>\n\t\t\t\t<\/div>\n\t\t\t\t<\/div>\n\t\t\t\t<\/div>\n\t\t\t\t<div class=\"elementor-element elementor-element-2f4a4633 elementor-align-center elementor-widget elementor-widget-button\" data-id=\"2f4a4633\" data-element_type=\"widget\" data-widget_type=\"button.default\">\n\t\t\t\t<div class=\"elementor-widget-container\">\n\t\t\t\t\t\t\t<div class=\"elementor-button-wrapper\">\n\t\t\t\t\t<a class=\"elementor-button elementor-size-sm\" role=\"button\">\n\t\t\t\t\t\t<span class=\"elementor-button-content-wrapper\">\n\t\t\t\t\t\t\t\t\t<span class=\"elementor-button-text\">Pogledajte katalog<\/span>\n\t\t\t\t\t<\/span>\n\t\t\t\t\t<\/a>\n\t\t\t\t<\/div>\n\t\t\t\t\t\t<\/div>\n\t\t\t\t<\/div>\n\t\t\t\t<\/div>\n\t\t<div class=\"elementor-element elementor-element-585350c6 e-flex e-con-boxed e-con e-parent\" data-id=\"585350c6\" data-element_type=\"container\" data-settings=\"{&quot;background_background&quot;:&quot;classic&quot;}\">\n\t\t\t\t\t<div class=\"e-con-inner\">\n\t\t<div class=\"elementor-element elementor-element-7103a19a e-con-full e-flex e-con e-child\" data-id=\"7103a19a\" data-element_type=\"container\">\n\t\t<div class=\"elementor-element elementor-element-4bc6e79b e-con-full e-flex e-con e-child\" data-id=\"4bc6e79b\" data-element_type=\"container\">\n\t\t\t\t<div class=\"elementor-element elementor-element-b4f7230 elementor-widget elementor-widget-heading\" data-id=\"b4f7230\" data-element_type=\"widget\" data-widget_type=\"heading.default\">\n\t\t\t\t<div class=\"elementor-widget-container\">\n\t\t\t<h2 class=\"elementor-heading-title elementor-size-default\">Zainteresovani ste za na\u0161e proizvode ili imate pitanja?<\/h2>\t\t<\/div>\n\t\t\t\t<\/div>\n\t\t\t\t<div class=\"elementor-element elementor-element-c445871 elementor-widget elementor-widget-heading\" data-id=\"c445871\" data-element_type=\"widget\" data-widget_type=\"heading.default\">\n\t\t\t\t<div class=\"elementor-widget-container\">\n\t\t\t<h2 class=\"elementor-heading-title elementor-size-default\">Ne ustru\u010davajte se da nas kontaktirate - tu smo da vam pru\u017eimo sve informacije koje su vam potrebne!<\/h2>\t\t<\/div>\n\t\t\t\t<\/div>\n\t\t\t\t<\/div>\n\t\t\t\t<div class=\"elementor-element elementor-element-44c4236a elementor-widget elementor-widget-button\" data-id=\"44c4236a\" data-element_type=\"widget\" data-widget_type=\"button.default\">\n\t\t\t\t<div class=\"elementor-widget-container\">\n\t\t\t\t\t\t\t<div class=\"elementor-button-wrapper\">\n\t\t\t\t\t<a class=\"elementor-button elementor-button-link elementor-size-sm\" href=\"https:\/\/stakloterm.com\/index.php\/kontakt\/\">\n\t\t\t\t\t\t<span class=\"elementor-button-content-wrapper\">\n\t\t\t\t\t\t\t\t\t<span class=\"elementor-button-text\">Kontaktirajte nas<\/span>\n\t\t\t\t\t<\/span>\n\t\t\t\t\t<\/a>\n\t\t\t\t<\/div>\n\t\t\t\t\t\t<\/div>\n\t\t\t\t<\/div>\n\t\t\t\t<\/div>\n\t\t\t\t\t<\/div>\n\t\t\t\t<\/div>\n\t\t\t\t<\/div>\n\t\t","protected":false},"excerpt":{"rendered":"<p>DIZAJNIRAJTE PROSTOR PO SVOJOJ MERI DEKORATIVNI PANELI Pogledajte katalog Zainteresovani ste za na\u0161e proizvode ili imate pitanja? Ne ustru\u010davajte se da nas kontaktirate &#8211; tu smo da vam pru\u017eimo sve informacije koje su vam potrebne! Kontaktirajte nas<\/p>\n","protected":false},"author":1,"featured_media":0,"parent":0,"menu_order":0,"comment_status":"closed","ping_status":"closed","template":"","meta":{"footnotes":""},"class_list":["post-1650","page","type-page","status-publish","hentry"],"_links":{"self":[{"href":"https:\/\/stakloterm.com\/index.php\/wp-json\/wp\/v2\/pages\/1650","targetHints":{"allow":["GET"]}}],"collection":[{"href":"https:\/\/stakloterm.com\/index.php\/wp-json\/wp\/v2\/pages"}],"about":[{"href":"https:\/\/stakloterm.com\/index.php\/wp-json\/wp\/v2\/types\/page"}],"author":[{"embeddable":true,"href":"https:\/\/stakloterm.com\/index.php\/wp-json\/wp\/v2\/users\/1"}],"replies":[{"embeddable":true,"href":"https:\/\/stakloterm.com\/index.php\/wp-json\/wp\/v2\/comments?post=1650"}],"version-history":[{"count":22,"href":"https:\/\/stakloterm.com\/index.php\/wp-json\/wp\/v2\/pages\/1650\/revisions"}],"predecessor-version":[{"id":2598,"href":"https:\/\/stakloterm.com\/index.php\/wp-json\/wp\/v2\/pages\/1650\/revisions\/2598"}],"wp:attachment":[{"href":"https:\/\/stakloterm.com\/index.php\/wp-json\/wp\/v2\/media?parent=1650"}],"curies":[{"name":"wp","href":"https:\/\/api.w.org\/{rel}","templated":true}]}}