{"id":1645,"date":"2024-10-07T13:50:44","date_gmt":"2024-10-07T13:50:44","guid":{"rendered":"https:\/\/stakloterm.pixels2pixels.com\/?page_id=1645"},"modified":"2025-09-02T08:57:59","modified_gmt":"2025-09-02T08:57:59","slug":"aluminijumska-stolarija","status":"publish","type":"page","link":"https:\/\/stakloterm.com\/index.php\/aluminijumska-stolarija\/","title":{"rendered":"Aluminijumska stolarija"},"content":{"rendered":"\t\t<div data-elementor-type=\"wp-page\" data-elementor-id=\"1645\" class=\"elementor elementor-1645\" data-elementor-post-type=\"page\">\n\t\t\t\t<div class=\"elementor-element elementor-element-730757ab e-flex e-con-boxed e-con e-parent\" data-id=\"730757ab\" data-element_type=\"container\" data-settings=\"{&quot;background_background&quot;:&quot;video&quot;,&quot;background_video_link&quot;:&quot;https:\\\/\\\/stakloterm.com\\\/wp-content\\\/uploads\\\/2024\\\/09\\\/profili.mp4&quot;,&quot;background_video_start&quot;:0,&quot;background_play_on_mobile&quot;:&quot;yes&quot;}\">\n\t\t\t\t\t<div class=\"e-con-inner\">\n\t\t<div class=\"elementor-background-video-container\">\n\t\t\t\t\t\t\t<video class=\"elementor-background-video-hosted elementor-html5-video\" autoplay muted playsinline loop><\/video>\n\t\t\t\t\t<\/div>\t\t<div class=\"elementor-element elementor-element-5b5d809 elementor-widget elementor-widget-heading\" data-id=\"5b5d809\" data-element_type=\"widget\" data-widget_type=\"heading.default\">\n\t\t\t\t<div class=\"elementor-widget-container\">\n\t\t\t<h2 class=\"elementor-heading-title elementor-size-default\">ELEGANCIJA I UDOBNOST ZA VA\u0160 DOM<\/h2>\t\t<\/div>\n\t\t\t\t<\/div>\n\t\t\t\t<div class=\"elementor-element elementor-element-db4b9c1 elementor-widget elementor-widget-heading\" data-id=\"db4b9c1\" data-element_type=\"widget\" data-widget_type=\"heading.default\">\n\t\t\t\t<div class=\"elementor-widget-container\">\n\t\t\t<h1 class=\"elementor-heading-title elementor-size-default\">ALUMINIJUMSKA STOLARIJA<\/h1>\t\t<\/div>\n\t\t\t\t<\/div>\n\t\t\t\t\t<\/div>\n\t\t\t\t<\/div>\n\t\t<div class=\"elementor-element elementor-element-c32b7e8 e-con-full e-flex e-con e-parent\" data-id=\"c32b7e8\" data-element_type=\"container\" data-settings=\"{&quot;background_background&quot;:&quot;classic&quot;}\">\n\t\t<div class=\"elementor-element elementor-element-538f1855 e-con-full elementor-hidden-tablet elementor-hidden-mobile e-flex e-con e-child\" data-id=\"538f1855\" data-element_type=\"container\">\n\t\t\t\t<div class=\"elementor-element elementor-element-15266f1d elementor-widget elementor-widget-image\" data-id=\"15266f1d\" data-element_type=\"widget\" id=\"category_image\" data-widget_type=\"image.default\">\n\t\t\t\t<div class=\"elementor-widget-container\">\n\t\t\t\t\t\t\t\t\t\t\t\t\t<img fetchpriority=\"high\" decoding=\"async\" width=\"683\" height=\"1024\" src=\"https:\/\/stakloterm.com\/wp-content\/uploads\/2024\/12\/door-scaled-1-683x1024.jpg\" class=\"attachment-large size-large wp-image-2560\" alt=\"aluminum windows \/ aluminijumska stolarija\" srcset=\"https:\/\/stakloterm.com\/wp-content\/uploads\/2024\/12\/door-scaled-1-683x1024.jpg 683w, https:\/\/stakloterm.com\/wp-content\/uploads\/2024\/12\/door-scaled-1-200x300.jpg 200w, https:\/\/stakloterm.com\/wp-content\/uploads\/2024\/12\/door-scaled-1-768x1151.jpg 768w, https:\/\/stakloterm.com\/wp-content\/uploads\/2024\/12\/door-scaled-1-1025x1536.jpg 1025w, https:\/\/stakloterm.com\/wp-content\/uploads\/2024\/12\/door-scaled-1-1366x2048.jpg 1366w, https:\/\/stakloterm.com\/wp-content\/uploads\/2024\/12\/door-scaled-1.jpg 1708w\" sizes=\"(max-width: 683px) 100vw, 683px\" \/>\t\t\t\t\t\t\t\t\t\t\t\t\t<\/div>\n\t\t\t\t<\/div>\n\t\t\t\t<\/div>\n\t\t<div class=\"elementor-element elementor-element-cd6401f e-con-full elementor-hidden-desktop e-flex e-con e-child\" data-id=\"cd6401f\" data-element_type=\"container\">\n\t\t\t\t<div class=\"elementor-element elementor-element-7700a58f elementor-widget elementor-widget-image\" data-id=\"7700a58f\" data-element_type=\"widget\" data-widget_type=\"image.default\">\n\t\t\t\t<div class=\"elementor-widget-container\">\n\t\t\t\t\t\t\t\t\t\t\t\t\t<img fetchpriority=\"high\" decoding=\"async\" width=\"683\" height=\"1024\" src=\"https:\/\/stakloterm.com\/wp-content\/uploads\/2024\/12\/door-scaled-1-683x1024.jpg\" class=\"attachment-large size-large wp-image-2560\" alt=\"aluminum windows \/ aluminijumska stolarija\" srcset=\"https:\/\/stakloterm.com\/wp-content\/uploads\/2024\/12\/door-scaled-1-683x1024.jpg 683w, https:\/\/stakloterm.com\/wp-content\/uploads\/2024\/12\/door-scaled-1-200x300.jpg 200w, https:\/\/stakloterm.com\/wp-content\/uploads\/2024\/12\/door-scaled-1-768x1151.jpg 768w, https:\/\/stakloterm.com\/wp-content\/uploads\/2024\/12\/door-scaled-1-1025x1536.jpg 1025w, https:\/\/stakloterm.com\/wp-content\/uploads\/2024\/12\/door-scaled-1-1366x2048.jpg 1366w, https:\/\/stakloterm.com\/wp-content\/uploads\/2024\/12\/door-scaled-1.jpg 1708w\" sizes=\"(max-width: 683px) 100vw, 683px\" \/>\t\t\t\t\t\t\t\t\t\t\t\t\t<\/div>\n\t\t\t\t<\/div>\n\t\t\t\t<\/div>\n\t\t<div class=\"elementor-element elementor-element-736a9f02 e-con-full e-flex e-con e-child\" data-id=\"736a9f02\" data-element_type=\"container\">\n\t\t\t\t<div class=\"elementor-element elementor-element-4bd6059 elementor-widget elementor-widget-heading\" data-id=\"4bd6059\" data-element_type=\"widget\" data-widget_type=\"heading.default\">\n\t\t\t\t<div class=\"elementor-widget-container\">\n\t\t\t<h2 class=\"elementor-heading-title elementor-size-default\">ALU STOLARIJA<\/h2>\t\t<\/div>\n\t\t\t\t<\/div>\n\t\t\t\t<div class=\"elementor-element elementor-element-3b42c634 elementor-widget__width-initial elementor-widget elementor-widget-text-editor\" data-id=\"3b42c634\" data-element_type=\"widget\" data-widget_type=\"text-editor.default\">\n\t\t\t\t<div class=\"elementor-widget-container\">\n\t\t\t\t\t\t\t<p>Aluminijumski prozori su poznati po svojoj trajnosti i otpornosti na koroziju, \u0161to im omogu\u0107ava dug vek trajanja. Lagani su i omogu\u0107avaju dizajn sa tankim okvirima, \u010dime se maksimizira povr\u0161ina stakla i ulaz prirodne svetlosti. <br \/><br \/>Aluminijumski prozori imaju moderan, elegantan izgled i dostupni su u razli\u010ditim bojama i zavr\u0161nim obradama. Otporni su na vatru i zahtevaju malo odr\u017eavanja, a aluminijum je u potpunosti reciklabilan, \u0161to ga \u010dini ekolo\u0161ki prihvatljivim izborom.<\/p>\t\t\t\t\t\t<\/div>\n\t\t\t\t<\/div>\n\t\t\t\t<\/div>\n\t\t\t\t<\/div>\n\t\t<div class=\"elementor-element elementor-element-2ff20f16 e-con-full e-flex e-con e-parent\" data-id=\"2ff20f16\" data-element_type=\"container\">\n\t\t\t\t<div class=\"elementor-element elementor-element-4a77c1ae elementor-widget elementor-widget-heading\" data-id=\"4a77c1ae\" data-element_type=\"widget\" data-widget_type=\"heading.default\">\n\t\t\t\t<div class=\"elementor-widget-container\">\n\t\t\t<h2 class=\"elementor-heading-title elementor-size-default\">Klizni sistemi<\/h2>\t\t<\/div>\n\t\t\t\t<\/div>\n\t\t\t\t<div class=\"elementor-element elementor-element-66501007 elementor-widget__width-initial elementor-widget elementor-widget-text-editor\" data-id=\"66501007\" data-element_type=\"widget\" data-widget_type=\"text-editor.default\">\n\t\t\t\t<div class=\"elementor-widget-container\">\n\t\t\t\t\t\t\t<p>Klizni sistemi su dizajnirana da omogu\u0107e najve\u0107u mogu\u0107u koli\u010dinu svetlosti. Mogu se koristiti i za zastakljivanje zimskih ba\u0161ta. Izuzetno su otporni na spolja\u0161nje uticaje i zna\u010dajno smanjuju tro\u0161kove grejanja. Lako se uklapaju u sve tipove objekata i sve stilove i podi\u017eu kvalitet stanovanja.<\/p>\t\t\t\t\t\t<\/div>\n\t\t\t\t<\/div>\n\t\t\t\t<\/div>\n\t\t<div class=\"elementor-element elementor-element-6655db4f e-flex e-con-boxed e-con e-parent\" data-id=\"6655db4f\" data-element_type=\"container\" data-settings=\"{&quot;background_background&quot;:&quot;classic&quot;}\">\n\t\t\t\t\t<div class=\"e-con-inner\">\n\t\t<div class=\"elementor-element elementor-element-5e738550 e-con-full e-flex e-con e-child\" data-id=\"5e738550\" data-element_type=\"container\">\n\t\t<div class=\"elementor-element elementor-element-40d966af e-con-full e-flex e-con e-child\" data-id=\"40d966af\" data-element_type=\"container\">\n\t\t\t\t<div class=\"elementor-element elementor-element-708d5b7 elementor-widget elementor-widget-heading\" data-id=\"708d5b7\" data-element_type=\"widget\" data-widget_type=\"heading.default\">\n\t\t\t\t<div class=\"elementor-widget-container\">\n\t\t\t<h2 class=\"elementor-heading-title elementor-size-default\">Zainteresovani ste za na\u0161e proizvode ili imate pitanja?<\/h2>\t\t<\/div>\n\t\t\t\t<\/div>\n\t\t\t\t<div class=\"elementor-element elementor-element-2e62ac8c elementor-widget elementor-widget-heading\" data-id=\"2e62ac8c\" data-element_type=\"widget\" data-widget_type=\"heading.default\">\n\t\t\t\t<div class=\"elementor-widget-container\">\n\t\t\t<h2 class=\"elementor-heading-title elementor-size-default\">Ne ustru\u010davajte se da nas kontaktirate - tu smo da vam pru\u017eimo sve informacije koje su vam potrebne!<\/h2>\t\t<\/div>\n\t\t\t\t<\/div>\n\t\t\t\t<\/div>\n\t\t\t\t<div class=\"elementor-element elementor-element-3386afb3 elementor-widget elementor-widget-button\" data-id=\"3386afb3\" data-element_type=\"widget\" data-widget_type=\"button.default\">\n\t\t\t\t<div class=\"elementor-widget-container\">\n\t\t\t\t\t\t\t<div class=\"elementor-button-wrapper\">\n\t\t\t\t\t<a class=\"elementor-button elementor-button-link elementor-size-sm\" href=\"https:\/\/stakloterm.com\/index.php\/kontakt\/\">\n\t\t\t\t\t\t<span class=\"elementor-button-content-wrapper\">\n\t\t\t\t\t\t\t\t\t<span class=\"elementor-button-text\">Kontaktirajte nas<\/span>\n\t\t\t\t\t<\/span>\n\t\t\t\t\t<\/a>\n\t\t\t\t<\/div>\n\t\t\t\t\t\t<\/div>\n\t\t\t\t<\/div>\n\t\t\t\t<\/div>\n\t\t\t\t\t<\/div>\n\t\t\t\t<\/div>\n\t\t\t\t<\/div>\n\t\t","protected":false},"excerpt":{"rendered":"<p>ELEGANCIJA I UDOBNOST ZA VA\u0160 DOM ALUMINIJUMSKA STOLARIJA ALU STOLARIJA Aluminijumski prozori su poznati po svojoj trajnosti i otpornosti na koroziju, \u0161to im omogu\u0107ava dug vek trajanja. Lagani su i omogu\u0107avaju dizajn sa tankim okvirima, \u010dime se maksimizira povr\u0161ina stakla i ulaz prirodne svetlosti. Aluminijumski prozori imaju moderan, elegantan izgled i dostupni su u razli\u010ditim [&hellip;]<\/p>\n","protected":false},"author":1,"featured_media":0,"parent":0,"menu_order":0,"comment_status":"closed","ping_status":"closed","template":"","meta":{"footnotes":""},"class_list":["post-1645","page","type-page","status-publish","hentry"],"_links":{"self":[{"href":"https:\/\/stakloterm.com\/index.php\/wp-json\/wp\/v2\/pages\/1645","targetHints":{"allow":["GET"]}}],"collection":[{"href":"https:\/\/stakloterm.com\/index.php\/wp-json\/wp\/v2\/pages"}],"about":[{"href":"https:\/\/stakloterm.com\/index.php\/wp-json\/wp\/v2\/types\/page"}],"author":[{"embeddable":true,"href":"https:\/\/stakloterm.com\/index.php\/wp-json\/wp\/v2\/users\/1"}],"replies":[{"embeddable":true,"href":"https:\/\/stakloterm.com\/index.php\/wp-json\/wp\/v2\/comments?post=1645"}],"version-history":[{"count":31,"href":"https:\/\/stakloterm.com\/index.php\/wp-json\/wp\/v2\/pages\/1645\/revisions"}],"predecessor-version":[{"id":2595,"href":"https:\/\/stakloterm.com\/index.php\/wp-json\/wp\/v2\/pages\/1645\/revisions\/2595"}],"wp:attachment":[{"href":"https:\/\/stakloterm.com\/index.php\/wp-json\/wp\/v2\/media?parent=1645"}],"curies":[{"name":"wp","href":"https:\/\/api.w.org\/{rel}","templated":true}]}}