{"id":1637,"date":"2024-10-07T13:05:20","date_gmt":"2024-10-07T13:05:20","guid":{"rendered":"https:\/\/stakloterm.pixels2pixels.com\/?page_id=1637"},"modified":"2025-09-02T09:03:01","modified_gmt":"2025-09-02T09:03:01","slug":"pvc-stolarija","status":"publish","type":"page","link":"https:\/\/stakloterm.com\/index.php\/pvc-stolarija\/","title":{"rendered":"PVC Stolarija"},"content":{"rendered":"\t\t<div data-elementor-type=\"wp-page\" data-elementor-id=\"1637\" class=\"elementor elementor-1637\" data-elementor-post-type=\"page\">\n\t\t\t\t<div class=\"elementor-element elementor-element-2cfcf090 e-flex e-con-boxed e-con e-parent\" data-id=\"2cfcf090\" data-element_type=\"container\" data-settings=\"{&quot;background_background&quot;:&quot;video&quot;,&quot;background_video_link&quot;:&quot;https:\\\/\\\/stakloterm.com\\\/wp-content\\\/uploads\\\/2024\\\/09\\\/profili.mp4&quot;,&quot;background_video_start&quot;:0,&quot;background_play_on_mobile&quot;:&quot;yes&quot;}\">\n\t\t\t\t\t<div class=\"e-con-inner\">\n\t\t<div class=\"elementor-background-video-container\">\n\t\t\t\t\t\t\t<video class=\"elementor-background-video-hosted elementor-html5-video\" autoplay muted playsinline loop><\/video>\n\t\t\t\t\t<\/div>\t\t<div class=\"elementor-element elementor-element-4bd1e2e8 elementor-widget elementor-widget-heading\" data-id=\"4bd1e2e8\" data-element_type=\"widget\" data-widget_type=\"heading.default\">\n\t\t\t\t<div class=\"elementor-widget-container\">\n\t\t\t<h2 class=\"elementor-heading-title elementor-size-default\">SAVREMENA RE\u0160ENJA ZA UDOBAN DOM<\/h2>\t\t<\/div>\n\t\t\t\t<\/div>\n\t\t\t\t<div class=\"elementor-element elementor-element-4d942fc0 elementor-widget elementor-widget-heading\" data-id=\"4d942fc0\" data-element_type=\"widget\" data-widget_type=\"heading.default\">\n\t\t\t\t<div class=\"elementor-widget-container\">\n\t\t\t<h2 class=\"elementor-heading-title elementor-size-default\">PVC STOLARIJA<\/h2>\t\t<\/div>\n\t\t\t\t<\/div>\n\t\t\t\t\t<\/div>\n\t\t\t\t<\/div>\n\t\t<div class=\"elementor-element elementor-element-4b98b278 e-con-full e-flex e-con e-parent\" data-id=\"4b98b278\" data-element_type=\"container\" data-settings=\"{&quot;background_background&quot;:&quot;classic&quot;}\">\n\t\t<div class=\"elementor-element elementor-element-19b82eb0 e-con-full elementor-hidden-tablet elementor-hidden-mobile e-flex e-con e-child\" data-id=\"19b82eb0\" data-element_type=\"container\">\n\t\t\t\t<div class=\"elementor-element elementor-element-792f8d72 elementor-widget elementor-widget-image\" data-id=\"792f8d72\" data-element_type=\"widget\" id=\"category_image\" data-widget_type=\"image.default\">\n\t\t\t\t<div class=\"elementor-widget-container\">\n\t\t\t\t\t\t\t\t\t\t\t\t\t<img fetchpriority=\"high\" decoding=\"async\" width=\"683\" height=\"1024\" src=\"https:\/\/stakloterm.com\/wp-content\/uploads\/2024\/08\/pvcstolarijapage-683x1024.jpg\" class=\"attachment-large size-large wp-image-876\" alt=\"pvc stolarija \/ prozori \/ windows\" srcset=\"https:\/\/stakloterm.com\/wp-content\/uploads\/2024\/08\/pvcstolarijapage-683x1024.jpg 683w, https:\/\/stakloterm.com\/wp-content\/uploads\/2024\/08\/pvcstolarijapage-200x300.jpg 200w, https:\/\/stakloterm.com\/wp-content\/uploads\/2024\/08\/pvcstolarijapage-768x1151.jpg 768w, https:\/\/stakloterm.com\/wp-content\/uploads\/2024\/08\/pvcstolarijapage-1025x1536.jpg 1025w, https:\/\/stakloterm.com\/wp-content\/uploads\/2024\/08\/pvcstolarijapage-1366x2048.jpg 1366w, https:\/\/stakloterm.com\/wp-content\/uploads\/2024\/08\/pvcstolarijapage-600x900.jpg 600w, https:\/\/stakloterm.com\/wp-content\/uploads\/2024\/08\/pvcstolarijapage-scaled.jpg 1708w\" sizes=\"(max-width: 683px) 100vw, 683px\" \/>\t\t\t\t\t\t\t\t\t\t\t\t\t<\/div>\n\t\t\t\t<\/div>\n\t\t\t\t<\/div>\n\t\t<div class=\"elementor-element elementor-element-7c8ae2 e-con-full elementor-hidden-desktop e-flex e-con e-child\" data-id=\"7c8ae2\" data-element_type=\"container\">\n\t\t\t\t<div class=\"elementor-element elementor-element-4a989d68 elementor-widget elementor-widget-image\" data-id=\"4a989d68\" data-element_type=\"widget\" data-widget_type=\"image.default\">\n\t\t\t\t<div class=\"elementor-widget-container\">\n\t\t\t\t\t\t\t\t\t\t\t\t\t<img fetchpriority=\"high\" decoding=\"async\" width=\"683\" height=\"1024\" src=\"https:\/\/stakloterm.com\/wp-content\/uploads\/2024\/08\/pvcstolarijapage-683x1024.jpg\" class=\"attachment-large size-large wp-image-876\" alt=\"pvc stolarija \/ prozori \/ windows\" srcset=\"https:\/\/stakloterm.com\/wp-content\/uploads\/2024\/08\/pvcstolarijapage-683x1024.jpg 683w, https:\/\/stakloterm.com\/wp-content\/uploads\/2024\/08\/pvcstolarijapage-200x300.jpg 200w, https:\/\/stakloterm.com\/wp-content\/uploads\/2024\/08\/pvcstolarijapage-768x1151.jpg 768w, https:\/\/stakloterm.com\/wp-content\/uploads\/2024\/08\/pvcstolarijapage-1025x1536.jpg 1025w, https:\/\/stakloterm.com\/wp-content\/uploads\/2024\/08\/pvcstolarijapage-1366x2048.jpg 1366w, https:\/\/stakloterm.com\/wp-content\/uploads\/2024\/08\/pvcstolarijapage-600x900.jpg 600w, https:\/\/stakloterm.com\/wp-content\/uploads\/2024\/08\/pvcstolarijapage-scaled.jpg 1708w\" sizes=\"(max-width: 683px) 100vw, 683px\" \/>\t\t\t\t\t\t\t\t\t\t\t\t\t<\/div>\n\t\t\t\t<\/div>\n\t\t\t\t<\/div>\n\t\t<div class=\"elementor-element elementor-element-26490939 e-con-full e-flex e-con e-child\" data-id=\"26490939\" data-element_type=\"container\">\n\t\t\t\t<div class=\"elementor-element elementor-element-38b16a2c elementor-widget elementor-widget-heading\" data-id=\"38b16a2c\" data-element_type=\"widget\" data-widget_type=\"heading.default\">\n\t\t\t\t<div class=\"elementor-widget-container\">\n\t\t\t<h2 class=\"elementor-heading-title elementor-size-default\">PVC STOLARIJA<\/h2>\t\t<\/div>\n\t\t\t\t<\/div>\n\t\t\t\t<div class=\"elementor-element elementor-element-43541f02 elementor-widget__width-initial elementor-widget elementor-widget-text-editor\" data-id=\"43541f02\" data-element_type=\"widget\" data-widget_type=\"text-editor.default\">\n\t\t\t\t<div class=\"elementor-widget-container\">\n\t\t\t\t\t\t\t<p>Prozori od PVC-a su popularni zbog svoje energetske efikasnosti, odli\u010dnih izolacionih svojstava i sposobnosti da smanje tro\u0161kove grejanja i hla\u0111enja. Oni su izdr\u017eljivi, otporni na truljenje i koroziju, te mogu izdr\u017eati te\u0161ke vremenske uslove. \u2028\u2028<\/p><p>PVC prozori ne zahtevaju redovno odr\u017eavanje, lako se \u010diste i pru\u017eaju dobru zvu\u010dnu izolaciju. Dostupni su u razli\u010ditim bojama i stilovima, a pritom su jeftiniji od drvenih i aluminijumskih prozora, \u0161to ih \u010dini pristupa\u010dnijom opcijom.<\/p>\t\t\t\t\t\t<\/div>\n\t\t\t\t<\/div>\n\t\t\t\t<\/div>\n\t\t\t\t<\/div>\n\t\t<div class=\"elementor-element elementor-element-163466aa e-con-full e-flex e-con e-parent\" data-id=\"163466aa\" data-element_type=\"container\">\n\t\t<div class=\"elementor-element elementor-element-21f833e7 e-flex e-con-boxed e-con e-child\" data-id=\"21f833e7\" data-element_type=\"container\">\n\t\t\t\t\t<div class=\"e-con-inner\">\n\t\t\t\t<div class=\"elementor-element elementor-element-7127d66 elementor-widget elementor-widget-heading\" data-id=\"7127d66\" data-element_type=\"widget\" data-widget_type=\"heading.default\">\n\t\t\t\t<div class=\"elementor-widget-container\">\n\t\t\t<h2 class=\"elementor-heading-title elementor-size-default\">Profili - GEALAN LINEAR<\/h2>\t\t<\/div>\n\t\t\t\t<\/div>\n\t\t\t\t<div class=\"elementor-element elementor-element-2667da1a elementor-widget-divider--view-line elementor-widget elementor-widget-divider\" data-id=\"2667da1a\" data-element_type=\"widget\" data-widget_type=\"divider.default\">\n\t\t\t\t<div class=\"elementor-widget-container\">\n\t\t\t\t\t<div class=\"elementor-divider\">\n\t\t\t<span class=\"elementor-divider-separator\">\n\t\t\t\t\t\t<\/span>\n\t\t<\/div>\n\t\t\t\t<\/div>\n\t\t\t\t<\/div>\n\t\t<div class=\"elementor-element elementor-element-a9d0600 e-con-full e-flex e-con e-child\" data-id=\"a9d0600\" data-element_type=\"container\">\n\t\t\t\t<div class=\"elementor-element elementor-element-165c68d1 elementor-widget elementor-widget-image\" data-id=\"165c68d1\" data-element_type=\"widget\" data-widget_type=\"image.default\">\n\t\t\t\t<div class=\"elementor-widget-container\">\n\t\t\t\t\t\t\t\t\t\t\t\t\t<img decoding=\"async\" width=\"800\" height=\"800\" src=\"https:\/\/stakloterm.com\/wp-content\/uploads\/2024\/08\/GEALAN-Linear2-1.png\" class=\"attachment-large size-large wp-image-889\" alt=\"profili \/ gealan\" srcset=\"https:\/\/stakloterm.com\/wp-content\/uploads\/2024\/08\/GEALAN-Linear2-1.png 800w, https:\/\/stakloterm.com\/wp-content\/uploads\/2024\/08\/GEALAN-Linear2-1-300x300.png 300w, https:\/\/stakloterm.com\/wp-content\/uploads\/2024\/08\/GEALAN-Linear2-1-150x150.png 150w, https:\/\/stakloterm.com\/wp-content\/uploads\/2024\/08\/GEALAN-Linear2-1-768x768.png 768w, https:\/\/stakloterm.com\/wp-content\/uploads\/2024\/08\/GEALAN-Linear2-1-600x600.png 600w, https:\/\/stakloterm.com\/wp-content\/uploads\/2024\/08\/GEALAN-Linear2-1-100x100.png 100w\" sizes=\"(max-width: 800px) 100vw, 800px\" \/>\t\t\t\t\t\t\t\t\t\t\t\t\t<\/div>\n\t\t\t\t<\/div>\n\t\t\t\t<\/div>\n\t\t\t\t\t<\/div>\n\t\t\t\t<\/div>\n\t\t<div class=\"elementor-element elementor-element-24b84fa3 e-flex e-con-boxed e-con e-child\" data-id=\"24b84fa3\" data-element_type=\"container\">\n\t\t\t\t\t<div class=\"e-con-inner\">\n\t\t\t\t<div class=\"elementor-element elementor-element-5020a8e4 elementor-widget elementor-widget-heading\" data-id=\"5020a8e4\" data-element_type=\"widget\" data-widget_type=\"heading.default\">\n\t\t\t\t<div class=\"elementor-widget-container\">\n\t\t\t<h2 class=\"elementor-heading-title elementor-size-default\">GEALAN<\/h2>\t\t<\/div>\n\t\t\t\t<\/div>\n\t\t<div class=\"elementor-element elementor-element-3e24dfda e-con-full e-flex e-con e-child\" data-id=\"3e24dfda\" data-element_type=\"container\">\n\t\t\t\t<div class=\"elementor-element elementor-element-12292e56 elementor-widget elementor-widget-heading\" data-id=\"12292e56\" data-element_type=\"widget\" data-widget_type=\"heading.default\">\n\t\t\t\t<div class=\"elementor-widget-container\">\n\t\t\t<h2 class=\"elementor-heading-title elementor-size-default\">Debljina:<\/h2>\t\t<\/div>\n\t\t\t\t<\/div>\n\t\t\t\t<div class=\"elementor-element elementor-element-2c70d0eb elementor-widget elementor-widget-heading\" data-id=\"2c70d0eb\" data-element_type=\"widget\" data-widget_type=\"heading.default\">\n\t\t\t\t<div class=\"elementor-widget-container\">\n\t\t\t<h2 class=\"elementor-heading-title elementor-size-default\">74 mm<\/h2>\t\t<\/div>\n\t\t\t\t<\/div>\n\t\t\t\t<\/div>\n\t\t<div class=\"elementor-element elementor-element-3e5692c0 e-con-full e-flex e-con e-child\" data-id=\"3e5692c0\" data-element_type=\"container\">\n\t\t\t\t<div class=\"elementor-element elementor-element-4002736 elementor-widget elementor-widget-heading\" data-id=\"4002736\" data-element_type=\"widget\" data-widget_type=\"heading.default\">\n\t\t\t\t<div class=\"elementor-widget-container\">\n\t\t\t<h2 class=\"elementor-heading-title elementor-size-default\">Broj komora profila:<\/h2>\t\t<\/div>\n\t\t\t\t<\/div>\n\t\t\t\t<div class=\"elementor-element elementor-element-630fab01 elementor-widget elementor-widget-heading\" data-id=\"630fab01\" data-element_type=\"widget\" data-widget_type=\"heading.default\">\n\t\t\t\t<div class=\"elementor-widget-container\">\n\t\t\t<h2 class=\"elementor-heading-title elementor-size-default\">6<\/h2>\t\t<\/div>\n\t\t\t\t<\/div>\n\t\t\t\t<\/div>\n\t\t<div class=\"elementor-element elementor-element-7f39b1f9 e-con-full e-flex e-con e-child\" data-id=\"7f39b1f9\" data-element_type=\"container\">\n\t\t\t\t<div class=\"elementor-element elementor-element-7556a033 elementor-widget elementor-widget-heading\" data-id=\"7556a033\" data-element_type=\"widget\" data-widget_type=\"heading.default\">\n\t\t\t\t<div class=\"elementor-widget-container\">\n\t\t\t<h2 class=\"elementor-heading-title elementor-size-default\">Okov:<\/h2>\t\t<\/div>\n\t\t\t\t<\/div>\n\t\t\t\t<div class=\"elementor-element elementor-element-285d5c71 elementor-widget elementor-widget-heading\" data-id=\"285d5c71\" data-element_type=\"widget\" data-widget_type=\"heading.default\">\n\t\t\t\t<div class=\"elementor-widget-container\">\n\t\t\t<h2 class=\"elementor-heading-title elementor-size-default\">Maco<\/h2>\t\t<\/div>\n\t\t\t\t<\/div>\n\t\t\t\t<\/div>\n\t\t<div class=\"elementor-element elementor-element-3b73b8b e-con-full e-flex e-con e-child\" data-id=\"3b73b8b\" data-element_type=\"container\">\n\t\t\t\t<div class=\"elementor-element elementor-element-306066e elementor-widget elementor-widget-heading\" data-id=\"306066e\" data-element_type=\"widget\" data-widget_type=\"heading.default\">\n\t\t\t\t<div class=\"elementor-widget-container\">\n\t\t\t<h2 class=\"elementor-heading-title elementor-size-default\">Debljina paketa:<\/h2>\t\t<\/div>\n\t\t\t\t<\/div>\n\t\t\t\t<div class=\"elementor-element elementor-element-12080905 elementor-widget elementor-widget-heading\" data-id=\"12080905\" data-element_type=\"widget\" data-widget_type=\"heading.default\">\n\t\t\t\t<div class=\"elementor-widget-container\">\n\t\t\t<h2 class=\"elementor-heading-title elementor-size-default\">44mm<\/h2>\t\t<\/div>\n\t\t\t\t<\/div>\n\t\t\t\t<\/div>\n\t\t<div class=\"elementor-element elementor-element-7ab1edb8 e-con-full e-flex e-con e-child\" data-id=\"7ab1edb8\" data-element_type=\"container\">\n\t\t\t\t<div class=\"elementor-element elementor-element-d2345b3 elementor-widget elementor-widget-text-editor\" data-id=\"d2345b3\" data-element_type=\"widget\" data-widget_type=\"text-editor.default\">\n\t\t\t\t<div class=\"elementor-widget-container\">\n\t\t\t\t\t\t\t<p>Uz mogu\u0107nost izbora vi\u0161e <br \/>slojeva i\/ili tipova stakla, <br \/>odnosno ispune od <br \/>ukrasnog ili ravnog panela<\/p>\t\t\t\t\t\t<\/div>\n\t\t\t\t<\/div>\n\t\t\t\t<\/div>\n\t\t<div class=\"elementor-element elementor-element-5a35e4a5 e-con-full e-flex e-con e-child\" data-id=\"5a35e4a5\" data-element_type=\"container\">\n\t\t\t\t<div class=\"elementor-element elementor-element-37f5ceac elementor-widget elementor-widget-heading\" data-id=\"37f5ceac\" data-element_type=\"widget\" data-widget_type=\"heading.default\">\n\t\t\t\t<div class=\"elementor-widget-container\">\n\t\t\t<h2 class=\"elementor-heading-title elementor-size-default\">Koeficijent toplotnog prenosa:<\/h2>\t\t<\/div>\n\t\t\t\t<\/div>\n\t\t\t\t<div class=\"elementor-element elementor-element-d3fcc44 elementor-widget elementor-widget-heading\" data-id=\"d3fcc44\" data-element_type=\"widget\" data-widget_type=\"heading.default\">\n\t\t\t\t<div class=\"elementor-widget-container\">\n\t\t\t<h2 class=\"elementor-heading-title elementor-size-default\">0.89<\/h2>\t\t<\/div>\n\t\t\t\t<\/div>\n\t\t\t\t<\/div>\n\t\t<div class=\"elementor-element elementor-element-6d340c89 e-con-full e-flex e-con e-child\" data-id=\"6d340c89\" data-element_type=\"container\">\n\t\t\t\t<div class=\"elementor-element elementor-element-bef7cd9 elementor-widget elementor-widget-heading\" data-id=\"bef7cd9\" data-element_type=\"widget\" data-widget_type=\"heading.default\">\n\t\t\t\t<div class=\"elementor-widget-container\">\n\t\t\t<h2 class=\"elementor-heading-title elementor-size-default\">Osnovna boja: <\/h2>\t\t<\/div>\n\t\t\t\t<\/div>\n\t\t\t\t<div class=\"elementor-element elementor-element-13969733 elementor-widget elementor-widget-heading\" data-id=\"13969733\" data-element_type=\"widget\" data-widget_type=\"heading.default\">\n\t\t\t\t<div class=\"elementor-widget-container\">\n\t\t\t<h2 class=\"elementor-heading-title elementor-size-default\">Bela<\/h2>\t\t<\/div>\n\t\t\t\t<\/div>\n\t\t\t\t<\/div>\n\t\t<div class=\"elementor-element elementor-element-76e3a6f1 e-con-full e-flex e-con e-child\" data-id=\"76e3a6f1\" data-element_type=\"container\">\n\t\t\t\t<div class=\"elementor-element elementor-element-1a8115d3 elementor-widget elementor-widget-heading\" data-id=\"1a8115d3\" data-element_type=\"widget\" data-widget_type=\"heading.default\">\n\t\t\t\t<div class=\"elementor-widget-container\">\n\t\t\t<h2 class=\"elementor-heading-title elementor-size-default\">Mogu\u0107nost profila u boji:<\/h2>\t\t<\/div>\n\t\t\t\t<\/div>\n\t\t\t\t<div class=\"elementor-element elementor-element-21cbc3b5 elementor-widget elementor-widget-heading\" data-id=\"21cbc3b5\" data-element_type=\"widget\" data-widget_type=\"heading.default\">\n\t\t\t\t<div class=\"elementor-widget-container\">\n\t\t\t<h2 class=\"elementor-heading-title elementor-size-default\">Da<\/h2>\t\t<\/div>\n\t\t\t\t<\/div>\n\t\t\t\t<\/div>\n\t\t<div class=\"elementor-element elementor-element-f3eff38 e-con-full e-flex e-con e-child\" data-id=\"f3eff38\" data-element_type=\"container\">\n\t\t\t\t<div class=\"elementor-element elementor-element-38053ed7 elementor-widget elementor-widget-heading\" data-id=\"38053ed7\" data-element_type=\"widget\" data-widget_type=\"heading.default\">\n\t\t\t\t<div class=\"elementor-widget-container\">\n\t\t\t<h2 class=\"elementor-heading-title elementor-size-default\">Mogu\u0107nost ALU obloge: <\/h2>\t\t<\/div>\n\t\t\t\t<\/div>\n\t\t\t\t<div class=\"elementor-element elementor-element-27bb2e94 elementor-widget elementor-widget-heading\" data-id=\"27bb2e94\" data-element_type=\"widget\" data-widget_type=\"heading.default\">\n\t\t\t\t<div class=\"elementor-widget-container\">\n\t\t\t<h2 class=\"elementor-heading-title elementor-size-default\">Da<\/h2>\t\t<\/div>\n\t\t\t\t<\/div>\n\t\t\t\t<\/div>\n\t\t\t\t<div class=\"elementor-element elementor-element-3764caa6 elementor-widget elementor-widget-button\" data-id=\"3764caa6\" data-element_type=\"widget\" data-widget_type=\"button.default\">\n\t\t\t\t<div class=\"elementor-widget-container\">\n\t\t\t\t\t\t\t<div class=\"elementor-button-wrapper\">\n\t\t\t\t\t<a class=\"elementor-button elementor-button-link elementor-size-sm\" href=\"https:\/\/www.gealan.de\/hr\/sustavi\/gealan-linear\/\" target=\"_blank\" rel=\"nofollow noopener\">\n\t\t\t\t\t\t<span class=\"elementor-button-content-wrapper\">\n\t\t\t\t\t\t\t\t\t<span class=\"elementor-button-text\">Pogledajte sve modele<\/span>\n\t\t\t\t\t<\/span>\n\t\t\t\t\t<\/a>\n\t\t\t\t<\/div>\n\t\t\t\t\t\t<\/div>\n\t\t\t\t<\/div>\n\t\t\t\t\t<\/div>\n\t\t\t\t<\/div>\n\t\t\t\t<\/div>\n\t\t<div class=\"elementor-element elementor-element-647d04ed e-flex e-con-boxed e-con e-parent\" data-id=\"647d04ed\" data-element_type=\"container\" data-settings=\"{&quot;background_background&quot;:&quot;classic&quot;}\">\n\t\t\t\t\t<div class=\"e-con-inner\">\n\t\t<div class=\"elementor-element elementor-element-7dfa99ea e-con-full e-flex e-con e-child\" data-id=\"7dfa99ea\" data-element_type=\"container\">\n\t\t<div class=\"elementor-element elementor-element-509880ed e-con-full e-flex e-con e-child\" data-id=\"509880ed\" data-element_type=\"container\">\n\t\t\t\t<div class=\"elementor-element elementor-element-331cb308 elementor-widget elementor-widget-heading\" data-id=\"331cb308\" data-element_type=\"widget\" data-widget_type=\"heading.default\">\n\t\t\t\t<div class=\"elementor-widget-container\">\n\t\t\t<h2 class=\"elementor-heading-title elementor-size-default\">Zainteresovani ste za na\u0161e proizvode ili imate pitanja?<\/h2>\t\t<\/div>\n\t\t\t\t<\/div>\n\t\t\t\t<div class=\"elementor-element elementor-element-120db35 elementor-widget elementor-widget-heading\" data-id=\"120db35\" data-element_type=\"widget\" data-widget_type=\"heading.default\">\n\t\t\t\t<div class=\"elementor-widget-container\">\n\t\t\t<h2 class=\"elementor-heading-title elementor-size-default\">Ne ustru\u010davajte se da nas kontaktirate - tu smo da vam pru\u017eimo sve informacije koje su vam potrebne!<\/h2>\t\t<\/div>\n\t\t\t\t<\/div>\n\t\t\t\t<\/div>\n\t\t\t\t<div class=\"elementor-element elementor-element-530570bb elementor-widget elementor-widget-button\" data-id=\"530570bb\" data-element_type=\"widget\" data-widget_type=\"button.default\">\n\t\t\t\t<div class=\"elementor-widget-container\">\n\t\t\t\t\t\t\t<div class=\"elementor-button-wrapper\">\n\t\t\t\t\t<a class=\"elementor-button elementor-button-link elementor-size-sm\" href=\"https:\/\/stakloterm.com\/index.php\/kontakt\/\">\n\t\t\t\t\t\t<span class=\"elementor-button-content-wrapper\">\n\t\t\t\t\t\t\t\t\t<span class=\"elementor-button-text\">Kontaktirajte nas<\/span>\n\t\t\t\t\t<\/span>\n\t\t\t\t\t<\/a>\n\t\t\t\t<\/div>\n\t\t\t\t\t\t<\/div>\n\t\t\t\t<\/div>\n\t\t\t\t<\/div>\n\t\t\t\t\t<\/div>\n\t\t\t\t<\/div>\n\t\t\t\t<\/div>\n\t\t","protected":false},"excerpt":{"rendered":"<p>SAVREMENA RE\u0160ENJA ZA UDOBAN DOM PVC STOLARIJA PVC STOLARIJA Prozori od PVC-a su popularni zbog svoje energetske efikasnosti, odli\u010dnih izolacionih svojstava i sposobnosti da smanje tro\u0161kove grejanja i hla\u0111enja. Oni su izdr\u017eljivi, otporni na truljenje i koroziju, te mogu izdr\u017eati te\u0161ke vremenske uslove. \u2028\u2028 PVC prozori ne zahtevaju redovno odr\u017eavanje, lako se \u010diste i pru\u017eaju [&hellip;]<\/p>\n","protected":false},"author":1,"featured_media":0,"parent":0,"menu_order":0,"comment_status":"closed","ping_status":"closed","template":"","meta":{"footnotes":""},"class_list":["post-1637","page","type-page","status-publish","hentry"],"_links":{"self":[{"href":"https:\/\/stakloterm.com\/index.php\/wp-json\/wp\/v2\/pages\/1637","targetHints":{"allow":["GET"]}}],"collection":[{"href":"https:\/\/stakloterm.com\/index.php\/wp-json\/wp\/v2\/pages"}],"about":[{"href":"https:\/\/stakloterm.com\/index.php\/wp-json\/wp\/v2\/types\/page"}],"author":[{"embeddable":true,"href":"https:\/\/stakloterm.com\/index.php\/wp-json\/wp\/v2\/users\/1"}],"replies":[{"embeddable":true,"href":"https:\/\/stakloterm.com\/index.php\/wp-json\/wp\/v2\/comments?post=1637"}],"version-history":[{"count":31,"href":"https:\/\/stakloterm.com\/index.php\/wp-json\/wp\/v2\/pages\/1637\/revisions"}],"predecessor-version":[{"id":2607,"href":"https:\/\/stakloterm.com\/index.php\/wp-json\/wp\/v2\/pages\/1637\/revisions\/2607"}],"wp:attachment":[{"href":"https:\/\/stakloterm.com\/index.php\/wp-json\/wp\/v2\/media?parent=1637"}],"curies":[{"name":"wp","href":"https:\/\/api.w.org\/{rel}","templated":true}]}}