{"id":1632,"date":"2024-10-04T14:58:35","date_gmt":"2024-10-04T14:58:35","guid":{"rendered":"https:\/\/stakloterm.pixels2pixels.com\/?page_id=1632"},"modified":"2025-09-02T09:03:48","modified_gmt":"2025-09-02T09:03:48","slug":"staklo","status":"publish","type":"page","link":"https:\/\/stakloterm.com\/index.php\/staklo\/","title":{"rendered":"Staklo"},"content":{"rendered":"\t\t<div data-elementor-type=\"wp-page\" data-elementor-id=\"1632\" class=\"elementor elementor-1632\" data-elementor-post-type=\"page\">\n\t\t\t\t<div class=\"elementor-element elementor-element-7113c011 e-flex e-con-boxed e-con e-parent\" data-id=\"7113c011\" data-element_type=\"container\" data-settings=\"{&quot;background_background&quot;:&quot;video&quot;,&quot;background_video_link&quot;:&quot;https:\\\/\\\/stakloterm.com\\\/wp-content\\\/uploads\\\/2024\\\/09\\\/profili.mp4&quot;,&quot;background_video_start&quot;:0,&quot;background_play_on_mobile&quot;:&quot;yes&quot;}\">\n\t\t\t\t\t<div class=\"e-con-inner\">\n\t\t<div class=\"elementor-background-video-container\">\n\t\t\t\t\t\t\t<video class=\"elementor-background-video-hosted elementor-html5-video\" autoplay muted playsinline loop><\/video>\n\t\t\t\t\t<\/div>\t\t<div class=\"elementor-element elementor-element-22cc5fd0 elementor-widget elementor-widget-heading\" data-id=\"22cc5fd0\" data-element_type=\"widget\" data-widget_type=\"heading.default\">\n\t\t\t\t<div class=\"elementor-widget-container\">\n\t\t\t<h2 class=\"elementor-heading-title elementor-size-default\">TRANSPARENTNA ELEGANCIJA<\/h2>\t\t<\/div>\n\t\t\t\t<\/div>\n\t\t\t\t<div class=\"elementor-element elementor-element-1ef5ecbd elementor-widget elementor-widget-heading\" data-id=\"1ef5ecbd\" data-element_type=\"widget\" data-widget_type=\"heading.default\">\n\t\t\t\t<div class=\"elementor-widget-container\">\n\t\t\t<h2 class=\"elementor-heading-title elementor-size-default\">STAKLO<\/h2>\t\t<\/div>\n\t\t\t\t<\/div>\n\t\t\t\t\t<\/div>\n\t\t\t\t<\/div>\n\t\t<div class=\"elementor-element elementor-element-77ad887a e-con-full e-flex e-con e-parent\" data-id=\"77ad887a\" data-element_type=\"container\" data-settings=\"{&quot;background_background&quot;:&quot;classic&quot;}\">\n\t\t<div class=\"elementor-element elementor-element-256333eb e-con-full elementor-hidden-tablet elementor-hidden-mobile e-flex e-con e-child\" data-id=\"256333eb\" data-element_type=\"container\">\n\t\t\t\t<div class=\"elementor-element elementor-element-1490fbc6 elementor-widget elementor-widget-image\" data-id=\"1490fbc6\" data-element_type=\"widget\" id=\"category_image\" data-widget_type=\"image.default\">\n\t\t\t\t<div class=\"elementor-widget-container\">\n\t\t\t\t\t\t\t\t\t\t\t\t\t<img fetchpriority=\"high\" decoding=\"async\" width=\"683\" height=\"1024\" src=\"https:\/\/stakloterm.com\/wp-content\/uploads\/2024\/09\/nastim_final6-683x1024.jpg\" class=\"attachment-large size-large wp-image-825\" alt=\"stakloterm nas tim proizvodnja pvc prozora sabac\" srcset=\"https:\/\/stakloterm.com\/wp-content\/uploads\/2024\/09\/nastim_final6-683x1024.jpg 683w, https:\/\/stakloterm.com\/wp-content\/uploads\/2024\/09\/nastim_final6-200x300.jpg 200w, https:\/\/stakloterm.com\/wp-content\/uploads\/2024\/09\/nastim_final6-768x1152.jpg 768w, https:\/\/stakloterm.com\/wp-content\/uploads\/2024\/09\/nastim_final6-1024x1536.jpg 1024w, https:\/\/stakloterm.com\/wp-content\/uploads\/2024\/09\/nastim_final6-1365x2048.jpg 1365w, https:\/\/stakloterm.com\/wp-content\/uploads\/2024\/09\/nastim_final6-600x900.jpg 600w, https:\/\/stakloterm.com\/wp-content\/uploads\/2024\/09\/nastim_final6-scaled.jpg 1707w\" sizes=\"(max-width: 683px) 100vw, 683px\" \/>\t\t\t\t\t\t\t\t\t\t\t\t\t<\/div>\n\t\t\t\t<\/div>\n\t\t\t\t<\/div>\n\t\t<div class=\"elementor-element elementor-element-24e819b0 e-con-full elementor-hidden-desktop e-flex e-con e-child\" data-id=\"24e819b0\" data-element_type=\"container\">\n\t\t\t\t<div class=\"elementor-element elementor-element-b11c511 elementor-widget elementor-widget-image\" data-id=\"b11c511\" data-element_type=\"widget\" data-widget_type=\"image.default\">\n\t\t\t\t<div class=\"elementor-widget-container\">\n\t\t\t\t\t\t\t\t\t\t\t\t\t<img fetchpriority=\"high\" decoding=\"async\" width=\"683\" height=\"1024\" src=\"https:\/\/stakloterm.com\/wp-content\/uploads\/2024\/09\/nastim_final6-683x1024.jpg\" class=\"attachment-large size-large wp-image-825\" alt=\"stakloterm nas tim proizvodnja pvc prozora sabac\" srcset=\"https:\/\/stakloterm.com\/wp-content\/uploads\/2024\/09\/nastim_final6-683x1024.jpg 683w, https:\/\/stakloterm.com\/wp-content\/uploads\/2024\/09\/nastim_final6-200x300.jpg 200w, https:\/\/stakloterm.com\/wp-content\/uploads\/2024\/09\/nastim_final6-768x1152.jpg 768w, https:\/\/stakloterm.com\/wp-content\/uploads\/2024\/09\/nastim_final6-1024x1536.jpg 1024w, https:\/\/stakloterm.com\/wp-content\/uploads\/2024\/09\/nastim_final6-1365x2048.jpg 1365w, https:\/\/stakloterm.com\/wp-content\/uploads\/2024\/09\/nastim_final6-600x900.jpg 600w, https:\/\/stakloterm.com\/wp-content\/uploads\/2024\/09\/nastim_final6-scaled.jpg 1707w\" sizes=\"(max-width: 683px) 100vw, 683px\" \/>\t\t\t\t\t\t\t\t\t\t\t\t\t<\/div>\n\t\t\t\t<\/div>\n\t\t\t\t<\/div>\n\t\t<div class=\"elementor-element elementor-element-317153bc e-con-full e-flex e-con e-child\" data-id=\"317153bc\" data-element_type=\"container\">\n\t\t\t\t<div class=\"elementor-element elementor-element-5760a4c4 elementor-widget elementor-widget-heading\" data-id=\"5760a4c4\" data-element_type=\"widget\" data-widget_type=\"heading.default\">\n\t\t\t\t<div class=\"elementor-widget-container\">\n\t\t\t<h2 class=\"elementor-heading-title elementor-size-default\">STAKLO<\/h2>\t\t<\/div>\n\t\t\t\t<\/div>\n\t\t\t\t<div class=\"elementor-element elementor-element-70477829 elementor-widget__width-inherit elementor-widget elementor-widget-text-editor\" data-id=\"70477829\" data-element_type=\"widget\" data-widget_type=\"text-editor.default\">\n\t\t\t\t<div class=\"elementor-widget-container\">\n\t\t\t\t\t\t\t<p><span style=\"white-space-collapse: preserve;\">Staklo je jedan od najva\u017enijih elemenata prozora, jer zna\u010dajno uti\u010de na njegove performanse, funkcionalnost i estetiku. Evo\u00a0<\/span><span style=\"white-space-collapse: preserve;\">nekoliko klju\u010dnih aspekata koji nagla\u0161avaju va\u017enost stakla pri kupovini prozora.<\/span><\/p>\t\t\t\t\t\t<\/div>\n\t\t\t\t<\/div>\n\t\t\t\t<div class=\"elementor-element elementor-element-79663e7c elementor-widget elementor-widget-text-editor\" data-id=\"79663e7c\" data-element_type=\"widget\" data-widget_type=\"text-editor.default\">\n\t\t\t\t<div class=\"elementor-widget-container\">\n\t\t\t\t\t\t\t<p><strong>Energetska efikasnost:<\/strong> Vrsta stakla uti\u010de na toplotnu izolaciju prozora. Dvostruko ili trostruko staklo sa niskom emisijom (low-E) premaza mo\u017ee zna\u010dajno smanjiti gubitak toplote zimi i prekomerno zagrevanje leti, \u0161to poma\u017ee u smanjenju tro\u0161kova za grejanje i hla\u0111enje.<\/p>\t\t\t\t\t\t<\/div>\n\t\t\t\t<\/div>\n\t\t\t\t<div class=\"elementor-element elementor-element-40030fe8 elementor-widget elementor-widget-text-editor\" data-id=\"40030fe8\" data-element_type=\"widget\" data-widget_type=\"text-editor.default\">\n\t\t\t\t<div class=\"elementor-widget-container\">\n\t\t\t\t\t\t\t<p><strong>Zvu\u010dna izolacija:<\/strong> Staklo sa dobrim zvu\u010dnim izolacionim svojstvima mo\u017ee smanjiti buku spolja, \u0161to je posebno va\u017eno za ku\u0107e u bu\u010dnim podru\u010djima ili blizu saobra\u0107ajnica.<\/p>\t\t\t\t\t\t<\/div>\n\t\t\t\t<\/div>\n\t\t\t\t<div class=\"elementor-element elementor-element-490dc60e elementor-widget elementor-widget-text-editor\" data-id=\"490dc60e\" data-element_type=\"widget\" data-widget_type=\"text-editor.default\">\n\t\t\t\t<div class=\"elementor-widget-container\">\n\t\t\t\t\t\t\t<p><strong>Sigurnost:<\/strong> Kaljeno ili laminirano staklo pru\u017ea ve\u0107u sigurnost jer je otpornije na lomljenje. U slu\u010daju loma, kaljeno staklo se razbija na male, neo\u0161tre komadi\u0107e, dok laminirano staklo ostaje zalepljeno za unutra\u0161nji sloj folije, smanjuju\u0107i rizik od povreda.<\/p>\t\t\t\t\t\t<\/div>\n\t\t\t\t<\/div>\n\t\t\t\t<div class=\"elementor-element elementor-element-7b55e147 elementor-widget elementor-widget-text-editor\" data-id=\"7b55e147\" data-element_type=\"widget\" data-widget_type=\"text-editor.default\">\n\t\t\t\t<div class=\"elementor-widget-container\">\n\t\t\t\t\t\t\t<p><strong>UV za\u0161tita:<\/strong> Neka stakla imaju specijalne premaze koji blokiraju \u0161tetne UV zrake, \u010dime se spre\u010dava izble\u0111ivanje name\u0161taja, tepiha i drugih unutra\u0161njih elemenata zbog izlo\u017eenosti sun\u010devoj svetlosti.<\/p>\t\t\t\t\t\t<\/div>\n\t\t\t\t<\/div>\n\t\t\t\t<div class=\"elementor-element elementor-element-3e21f7ec elementor-widget elementor-widget-text-editor\" data-id=\"3e21f7ec\" data-element_type=\"widget\" data-widget_type=\"text-editor.default\">\n\t\t\t\t<div class=\"elementor-widget-container\">\n\t\t\t\t\t\t\t<p><strong>Estetika:<\/strong> Staklo mo\u017ee zna\u010dajno uticati na izgled prozora i celokupni dojam prostora. Postoje razli\u010dite vrste stakla, poput matiranog, obojenog ili dekorativnog stakla, koje mogu dodati estetsku vrednost i privatnost.<\/p>\t\t\t\t\t\t<\/div>\n\t\t\t\t<\/div>\n\t\t\t\t<\/div>\n\t\t\t\t<\/div>\n\t\t<div class=\"elementor-element elementor-element-a4c3082 e-con-full elementor-hidden-desktop elementor-hidden-mobile e-flex e-con e-child\" data-id=\"a4c3082\" data-element_type=\"container\">\n\t\t\t\t<div class=\"elementor-element elementor-element-65030285 elementor-widget elementor-widget-image\" data-id=\"65030285\" data-element_type=\"widget\" data-widget_type=\"image.default\">\n\t\t\t\t<div class=\"elementor-widget-container\">\n\t\t\t\t\t\t\t\t\t\t\t\t\t<img decoding=\"async\" width=\"683\" height=\"1024\" src=\"https:\/\/stakloterm.com\/wp-content\/uploads\/2024\/09\/proizvodi_final6-683x1024.jpg\" class=\"attachment-large size-large wp-image-806\" alt=\"stakloterm ugradnja pvc prozora\" srcset=\"https:\/\/stakloterm.com\/wp-content\/uploads\/2024\/09\/proizvodi_final6-683x1024.jpg 683w, https:\/\/stakloterm.com\/wp-content\/uploads\/2024\/09\/proizvodi_final6-200x300.jpg 200w, https:\/\/stakloterm.com\/wp-content\/uploads\/2024\/09\/proizvodi_final6-768x1152.jpg 768w, https:\/\/stakloterm.com\/wp-content\/uploads\/2024\/09\/proizvodi_final6-1024x1536.jpg 1024w, https:\/\/stakloterm.com\/wp-content\/uploads\/2024\/09\/proizvodi_final6-1365x2048.jpg 1365w, https:\/\/stakloterm.com\/wp-content\/uploads\/2024\/09\/proizvodi_final6-600x900.jpg 600w, https:\/\/stakloterm.com\/wp-content\/uploads\/2024\/09\/proizvodi_final6-scaled.jpg 1707w\" sizes=\"(max-width: 683px) 100vw, 683px\" \/>\t\t\t\t\t\t\t\t\t\t\t\t\t<\/div>\n\t\t\t\t<\/div>\n\t\t\t\t<\/div>\n\t\t<div class=\"elementor-element elementor-element-77fb01f9 e-con-full e-flex e-con e-parent\" data-id=\"77fb01f9\" data-element_type=\"container\" data-settings=\"{&quot;background_background&quot;:&quot;classic&quot;}\">\n\t\t<div class=\"elementor-element elementor-element-256e2ad3 e-con-full e-flex e-con e-child\" data-id=\"256e2ad3\" data-element_type=\"container\">\n\t\t\t\t<div class=\"elementor-element elementor-element-3dd88f57 elementor-widget__width-inherit elementor-widget elementor-widget-text-editor\" data-id=\"3dd88f57\" data-element_type=\"widget\" data-widget_type=\"text-editor.default\">\n\t\t\t\t<div class=\"elementor-widget-container\">\n\t\t\t\t\t\t\t<p><strong>Kondenzacija:<\/strong> Kvalitetno staklo sa dobrim izolacionim svojstvima mo\u017ee smanjiti rizik od kondenzacije na unutra\u0161njoj strani prozora, \u0161to doprinosi boljem zdravlju unutra\u0161njeg prostora i smanjuje rizik od pojave plesni<\/p>\t\t\t\t\t\t<\/div>\n\t\t\t\t<\/div>\n\t\t\t\t<div class=\"elementor-element elementor-element-6fe43340 elementor-widget elementor-widget-text-editor\" data-id=\"6fe43340\" data-element_type=\"widget\" data-widget_type=\"text-editor.default\">\n\t\t\t\t<div class=\"elementor-widget-container\">\n\t\t\t\t\t\t\t<p><strong>Odr\u017eavanje:<\/strong> Stakla sa specijalnim premazima mogu biti lak\u0161a za \u010di\u0161\u0107enje i manje sklona nakupljanju prljav\u0161tine i mrlja, \u0161to mo\u017ee smanjiti potrebu za redovnim odr\u017eavanjem.<\/p>\t\t\t\t\t\t<\/div>\n\t\t\t\t<\/div>\n\t\t\t\t<div class=\"elementor-element elementor-element-4c35dbf6 elementor-widget elementor-widget-text-editor\" data-id=\"4c35dbf6\" data-element_type=\"widget\" data-widget_type=\"text-editor.default\">\n\t\t\t\t<div class=\"elementor-widget-container\">\n\t\t\t\t\t\t\t<p>Uzimaju\u0107i u obzir sve ove faktore, izbor stakla je klju\u010dan pri kupovini prozora. Pravilno odabrano staklo mo\u017ee unaprediti energetsku efikasnost doma, pove\u0107ati udobnost i sigurnost, kao i doprinijeti estetici i funkcionalnosti prozora.<\/p>\t\t\t\t\t\t<\/div>\n\t\t\t\t<\/div>\n\t\t\t\t<div class=\"elementor-element elementor-element-798e4185 elementor-widget elementor-widget-button\" data-id=\"798e4185\" data-element_type=\"widget\" data-widget_type=\"button.default\">\n\t\t\t\t<div class=\"elementor-widget-container\">\n\t\t\t\t\t\t\t<div class=\"elementor-button-wrapper\">\n\t\t\t\t\t<a class=\"elementor-button elementor-button-link elementor-size-sm\" href=\"https:\/\/stakloterm.com\/index.php\/kontakt\/\">\n\t\t\t\t\t\t<span class=\"elementor-button-content-wrapper\">\n\t\t\t\t\t\t\t\t\t<span class=\"elementor-button-text\">Kontaktirajte nas<\/span>\n\t\t\t\t\t<\/span>\n\t\t\t\t\t<\/a>\n\t\t\t\t<\/div>\n\t\t\t\t\t\t<\/div>\n\t\t\t\t<\/div>\n\t\t\t\t<\/div>\n\t\t<div class=\"elementor-element elementor-element-59197728 e-con-full elementor-hidden-tablet elementor-hidden-mobile e-flex e-con e-child\" data-id=\"59197728\" data-element_type=\"container\">\n\t\t\t\t<div class=\"elementor-element elementor-element-3b9a701e elementor-widget elementor-widget-image\" data-id=\"3b9a701e\" data-element_type=\"widget\" id=\"cagetory_image1\" data-widget_type=\"image.default\">\n\t\t\t\t<div class=\"elementor-widget-container\">\n\t\t\t\t\t\t\t\t\t\t\t\t\t<img decoding=\"async\" width=\"683\" height=\"1024\" src=\"https:\/\/stakloterm.com\/wp-content\/uploads\/2024\/09\/proizvodi_final6-683x1024.jpg\" class=\"attachment-large size-large wp-image-806\" alt=\"stakloterm ugradnja pvc prozora\" srcset=\"https:\/\/stakloterm.com\/wp-content\/uploads\/2024\/09\/proizvodi_final6-683x1024.jpg 683w, https:\/\/stakloterm.com\/wp-content\/uploads\/2024\/09\/proizvodi_final6-200x300.jpg 200w, https:\/\/stakloterm.com\/wp-content\/uploads\/2024\/09\/proizvodi_final6-768x1152.jpg 768w, https:\/\/stakloterm.com\/wp-content\/uploads\/2024\/09\/proizvodi_final6-1024x1536.jpg 1024w, https:\/\/stakloterm.com\/wp-content\/uploads\/2024\/09\/proizvodi_final6-1365x2048.jpg 1365w, https:\/\/stakloterm.com\/wp-content\/uploads\/2024\/09\/proizvodi_final6-600x900.jpg 600w, https:\/\/stakloterm.com\/wp-content\/uploads\/2024\/09\/proizvodi_final6-scaled.jpg 1707w\" sizes=\"(max-width: 683px) 100vw, 683px\" \/>\t\t\t\t\t\t\t\t\t\t\t\t\t<\/div>\n\t\t\t\t<\/div>\n\t\t\t\t<\/div>\n\t\t\t\t<\/div>\n\t\t<div class=\"elementor-element elementor-element-d9b27e7 e-con-full elementor-hidden-desktop elementor-hidden-tablet e-flex e-con e-child\" data-id=\"d9b27e7\" data-element_type=\"container\">\n\t\t\t\t<div class=\"elementor-element elementor-element-43724e5f elementor-widget elementor-widget-image\" data-id=\"43724e5f\" data-element_type=\"widget\" data-widget_type=\"image.default\">\n\t\t\t\t<div class=\"elementor-widget-container\">\n\t\t\t\t\t\t\t\t\t\t\t\t\t<img decoding=\"async\" width=\"683\" height=\"1024\" src=\"https:\/\/stakloterm.com\/wp-content\/uploads\/2024\/09\/proizvodi_final6-683x1024.jpg\" class=\"attachment-large size-large wp-image-806\" alt=\"stakloterm ugradnja pvc prozora\" srcset=\"https:\/\/stakloterm.com\/wp-content\/uploads\/2024\/09\/proizvodi_final6-683x1024.jpg 683w, https:\/\/stakloterm.com\/wp-content\/uploads\/2024\/09\/proizvodi_final6-200x300.jpg 200w, https:\/\/stakloterm.com\/wp-content\/uploads\/2024\/09\/proizvodi_final6-768x1152.jpg 768w, https:\/\/stakloterm.com\/wp-content\/uploads\/2024\/09\/proizvodi_final6-1024x1536.jpg 1024w, https:\/\/stakloterm.com\/wp-content\/uploads\/2024\/09\/proizvodi_final6-1365x2048.jpg 1365w, https:\/\/stakloterm.com\/wp-content\/uploads\/2024\/09\/proizvodi_final6-600x900.jpg 600w, https:\/\/stakloterm.com\/wp-content\/uploads\/2024\/09\/proizvodi_final6-scaled.jpg 1707w\" sizes=\"(max-width: 683px) 100vw, 683px\" \/>\t\t\t\t\t\t\t\t\t\t\t\t\t<\/div>\n\t\t\t\t<\/div>\n\t\t\t\t<\/div>\n\t\t<div class=\"elementor-element elementor-element-75d213ba e-con-full e-flex e-con e-parent\" data-id=\"75d213ba\" data-element_type=\"container\">\n\t\t\t\t<div class=\"elementor-element elementor-element-6d6ef34d elementor-widget-mobile__width-inherit elementor-widget elementor-widget-heading\" data-id=\"6d6ef34d\" data-element_type=\"widget\" data-widget_type=\"heading.default\">\n\t\t\t\t<div class=\"elementor-widget-container\">\n\t\t\t<h2 class=\"elementor-heading-title elementor-size-default\">Na\u0161a preporuka<\/h2>\t\t<\/div>\n\t\t\t\t<\/div>\n\t\t\t\t<div class=\"elementor-element elementor-element-6233cf57 elementor-widget-mobile__width-initial elementor-widget elementor-widget-text-editor\" data-id=\"6233cf57\" data-element_type=\"widget\" data-widget_type=\"text-editor.default\">\n\t\t\t\t<div class=\"elementor-widget-container\">\n\t\t\t\t\t\t\t<p>Preporuka za staklo na prozorima zavisi od specifi\u010dnih potreba va\u0161eg doma, klimatskih uslova i va\u0161ih prioriteta u pogledu energetske efikasnosti, zvu\u010dne izolacije, sigurnosti i estetike.<\/p>\t\t\t\t\t\t<\/div>\n\t\t\t\t<\/div>\n\t\t\t\t<div class=\"elementor-element elementor-element-5ae1d5c4 elementor-widget elementor-widget-text-editor\" data-id=\"5ae1d5c4\" data-element_type=\"widget\" data-widget_type=\"text-editor.default\">\n\t\t\t\t<div class=\"elementor-widget-container\">\n\t\t\t\t\t\t\t<p>Dvostruko ili trostruko staklo sa niskom emisijom (low-E)<\/p>\t\t\t\t\t\t<\/div>\n\t\t\t\t<\/div>\n\t\t\t\t<div class=\"elementor-element elementor-element-41401383 elementor-widget elementor-widget-text-editor\" data-id=\"41401383\" data-element_type=\"widget\" data-widget_type=\"text-editor.default\">\n\t\t\t\t<div class=\"elementor-widget-container\">\n\t\t\t\t\t\t\t<p><strong>Energetska efikasnost:<\/strong> Ovo staklo ima premaz niske emisije koji poma\u017ee u reflektovanju toplote nazad u prostoriju zimi i smanjuje ulaz toplote leti. Dvostruko staklo je standard, dok trostruko pru\u017ea dodatnu izolaciju za ekstremnije klimatske uslove.<\/p>\t\t\t\t\t\t<\/div>\n\t\t\t\t<\/div>\n\t\t\t\t<div class=\"elementor-element elementor-element-c1a240c elementor-widget elementor-widget-text-editor\" data-id=\"c1a240c\" data-element_type=\"widget\" data-widget_type=\"text-editor.default\">\n\t\t\t\t<div class=\"elementor-widget-container\">\n\t\t\t\t\t\t\t<p><strong>Prednosti:<\/strong> Zna\u010dajna u\u0161teda energije, bolje odr\u017eavanje unutra\u0161nje temperature<\/p>\t\t\t\t\t\t<\/div>\n\t\t\t\t<\/div>\n\t\t\t\t<\/div>\n\t\t<div class=\"elementor-element elementor-element-a9083c1 e-flex e-con-boxed e-con e-parent\" data-id=\"a9083c1\" data-element_type=\"container\" data-settings=\"{&quot;background_background&quot;:&quot;classic&quot;}\">\n\t\t\t\t\t<div class=\"e-con-inner\">\n\t\t<div class=\"elementor-element elementor-element-6e0f62c6 e-con-full e-flex e-con e-child\" data-id=\"6e0f62c6\" data-element_type=\"container\">\n\t\t<div class=\"elementor-element elementor-element-5da3f079 e-con-full e-flex e-con e-child\" data-id=\"5da3f079\" data-element_type=\"container\">\n\t\t\t\t<div class=\"elementor-element elementor-element-693c41c0 elementor-widget elementor-widget-heading\" data-id=\"693c41c0\" data-element_type=\"widget\" data-widget_type=\"heading.default\">\n\t\t\t\t<div class=\"elementor-widget-container\">\n\t\t\t<h2 class=\"elementor-heading-title elementor-size-default\">Zainteresovani ste za na\u0161e proizvode ili imate pitanja?<\/h2>\t\t<\/div>\n\t\t\t\t<\/div>\n\t\t\t\t<div class=\"elementor-element elementor-element-f11882e elementor-widget elementor-widget-heading\" data-id=\"f11882e\" data-element_type=\"widget\" data-widget_type=\"heading.default\">\n\t\t\t\t<div class=\"elementor-widget-container\">\n\t\t\t<h2 class=\"elementor-heading-title elementor-size-default\">Ne ustru\u010davajte se da nas kontaktirate - tu smo da vam pru\u017eimo sve informacije koje su vam potrebne!<\/h2>\t\t<\/div>\n\t\t\t\t<\/div>\n\t\t\t\t<\/div>\n\t\t\t\t<div class=\"elementor-element elementor-element-4cf9cf55 elementor-widget elementor-widget-button\" data-id=\"4cf9cf55\" data-element_type=\"widget\" data-widget_type=\"button.default\">\n\t\t\t\t<div class=\"elementor-widget-container\">\n\t\t\t\t\t\t\t<div class=\"elementor-button-wrapper\">\n\t\t\t\t\t<a class=\"elementor-button elementor-button-link elementor-size-sm\" href=\"https:\/\/stakloterm.com\/index.php\/kontakt\/\">\n\t\t\t\t\t\t<span class=\"elementor-button-content-wrapper\">\n\t\t\t\t\t\t\t\t\t<span class=\"elementor-button-text\">Kontaktirajte nas<\/span>\n\t\t\t\t\t<\/span>\n\t\t\t\t\t<\/a>\n\t\t\t\t<\/div>\n\t\t\t\t\t\t<\/div>\n\t\t\t\t<\/div>\n\t\t\t\t<\/div>\n\t\t\t\t\t<\/div>\n\t\t\t\t<\/div>\n\t\t\t\t<\/div>\n\t\t","protected":false},"excerpt":{"rendered":"<p>TRANSPARENTNA ELEGANCIJA STAKLO STAKLO Staklo je jedan od najva\u017enijih elemenata prozora, jer zna\u010dajno uti\u010de na njegove performanse, funkcionalnost i estetiku. Evo\u00a0nekoliko klju\u010dnih aspekata koji nagla\u0161avaju va\u017enost stakla pri kupovini prozora. Energetska efikasnost: Vrsta stakla uti\u010de na toplotnu izolaciju prozora. Dvostruko ili trostruko staklo sa niskom emisijom (low-E) premaza mo\u017ee zna\u010dajno smanjiti gubitak toplote zimi i [&hellip;]<\/p>\n","protected":false},"author":1,"featured_media":0,"parent":0,"menu_order":0,"comment_status":"closed","ping_status":"closed","template":"","meta":{"footnotes":""},"class_list":["post-1632","page","type-page","status-publish","hentry"],"_links":{"self":[{"href":"https:\/\/stakloterm.com\/index.php\/wp-json\/wp\/v2\/pages\/1632","targetHints":{"allow":["GET"]}}],"collection":[{"href":"https:\/\/stakloterm.com\/index.php\/wp-json\/wp\/v2\/pages"}],"about":[{"href":"https:\/\/stakloterm.com\/index.php\/wp-json\/wp\/v2\/types\/page"}],"author":[{"embeddable":true,"href":"https:\/\/stakloterm.com\/index.php\/wp-json\/wp\/v2\/users\/1"}],"replies":[{"embeddable":true,"href":"https:\/\/stakloterm.com\/index.php\/wp-json\/wp\/v2\/comments?post=1632"}],"version-history":[{"count":19,"href":"https:\/\/stakloterm.com\/index.php\/wp-json\/wp\/v2\/pages\/1632\/revisions"}],"predecessor-version":[{"id":2610,"href":"https:\/\/stakloterm.com\/index.php\/wp-json\/wp\/v2\/pages\/1632\/revisions\/2610"}],"wp:attachment":[{"href":"https:\/\/stakloterm.com\/index.php\/wp-json\/wp\/v2\/media?parent=1632"}],"curies":[{"name":"wp","href":"https:\/\/api.w.org\/{rel}","templated":true}]}}